{"id":2119,"date":"2025-05-19T10:41:50","date_gmt":"2025-05-19T08:41:50","guid":{"rendered":"https:\/\/domidom-2025.staging-env.fr\/carriere\/?page_id=2119"},"modified":"2025-06-17T17:45:11","modified_gmt":"2025-06-17T15:45:11","slug":"prevention-des-risques-professionnels-reunions-et-app","status":"publish","type":"page","link":"https:\/\/www.domidom.fr\/carriere\/prevention-des-risques-professionnels-reunions-et-app\/","title":{"rendered":"Pr\u00e9vention des risques professionnels, r\u00e9unions et APP"},"content":{"rendered":"  <!-- Cover edito -->\n  <section class=\"cover-edito\" data-id=\"6a063c4b954c5\">\n    <img decoding=\"async\" class=\"cover-edito__image\" src=\"https:\/\/www.domidom.fr\/carriere\/wp-content\/uploads\/sites\/2\/2025\/05\/I2B0006_2-2-scaled-e1750346033742.jpg\" alt=\"domidom prevention risques professionnels\" fetchpriority=\"high\">\n    <div class=\"cover-edito__bg\"><\/div>\n    <div class=\"cover-edito__content\">\n      <h1 class=\"cover-edito__content--title\">Pr\u00e9vention des risques professionnels<\/h1>\n      <p class=\"cover-edito__content--subtitle\">Le bien-\u00eatre de nos salari\u00e9s<\/p>\n    <\/div>\n    <div class=\"cover-edito__border\"><\/div>\n  <\/section>\n\n\n\n\n  <section class=\"text-rich\">\n    <div class=\"u-container\">\n      <div class=\"u-grid\">\n        <div class=\"col-start-1 col-span-12\">\n          <div class=\"text-rich__text\">\n            <div class=\"titles w\"><h2 class=\"title\">La Pr\u00e9vention des Risques Professionnels<\/h2><\/div>\n<p>DOMIDOM est engag\u00e9 dans une d\u00e9marche participative et dynamique de pr\u00e9vention des risques professionnels et d\u2019am\u00e9lioration des conditions de travail de ses salari\u00e9s appel\u00e9e <strong>OPTIDOM<\/strong>.<\/p>\n<p>Nous prenons les mesures n\u00e9cessaires pour assurer la s\u00e9curit\u00e9 et prot\u00e9ger la sant\u00e9 physique et mentale de nos salari\u00e9s dans le cadre de leurs activit\u00e9s professionnelles.<\/p>\n          <\/div>\n                  <\/div>\n      <\/div>\n    <\/div>\n  <\/section>\n\n\n\n\n  \n<!-- Content-image -->\n<section class=\"content-image  left\" data-id=\"6a063c4b96139\">\n  <div class=\"u-container\">\n    <div class=\"u-grid\">\n      <div class=\"col-start-1 col-span-12\">\n        <div class=\"content-image__wrapper\">\n                      <div class=\"content-image__image\">\n              <img decoding=\"async\" src=\"https:\/\/www.domidom.fr\/carriere\/wp-content\/uploads\/sites\/2\/2025\/05\/LOGO-OPTIDOM-2019-CMJN_Plan-de-travail-1.jpg\" alt=\"LOGO OPTIDOM 2019 CMJN_Plan de travail 1\" loading=\"lazy\">\n            <\/div>\n          \n          <div class=\"content-image__content\">\n            <p><strong>NOS ACTIONS DE PR<b>\u00c9VENTION PORTENT PRIORITAIREMENT SUR :<\/b><\/strong><\/p>\n<ul>\n<li>L\u2019int\u00e9gration et la formation des salari\u00e9s<\/li>\n<li>L\u2019adaptation de l\u2019organisation du travail et des interventions<\/li>\n<li>La mise \u00e0 disposition d\u2019\u00e9quipements adapt\u00e9s et l\u2019am\u00e9nagement des lieux d\u2019intervention<\/li>\n<li>La sensibilisation de nos clients dont les domiciles constituent les lieux de travail<\/li>\n<\/ul>\n                      <\/div>\n        <\/div>\n      <\/div>\n    <\/div>\n  <\/div>\n<\/section>\n\n\n\n  \n<!-- Content-image -->\n<section class=\"content-image  right\" data-id=\"6a063c4b96796\">\n  <div class=\"u-container\">\n    <div class=\"u-grid\">\n      <div class=\"col-start-1 col-span-12\">\n        <div class=\"content-image__wrapper\">\n                      <div class=\"content-image__image\">\n              <img decoding=\"async\" src=\"https:\/\/www.domidom.fr\/carriere\/wp-content\/uploads\/sites\/2\/2025\/05\/Edito-4-scaled-e1750346277829.jpg\" alt=\"domidom complicite beneficiaire proche\" loading=\"lazy\">\n            <\/div>\n          \n          <div class=\"content-image__content\">\n            <p><strong>LES PR<b>\u00c9CAUTIONS \u00c0 PRENDRE \u00c0 VOTRE DOMICILE<\/b><\/strong><\/p>\n<p>Votre domicile constituant une partie du lieu de travail de nos salari\u00e9s, nous ne pourrons mener \u00e0 bien notre d\u00e9marche de pr\u00e9vention sans votre appui.<\/p>\n<p>La <strong>visite pr\u00e9alable \u00e0 votre domicile<\/strong> est un temps que nous mettons \u00e0 profit pour <strong>identifier les risques professionnels de votre domicile<\/strong> mais aussi pour <strong>vous sensibiliser aux risques<\/strong> qui peuvent constituer pour vous un <strong>accident domestique<\/strong>.<\/p>\n<p>Notre r\u00f4le est \u00e9galement de <strong>vous informer sur l\u2019existence d\u2019aides techniques adapt\u00e9es \u00e0 votre situation<\/strong>. Ces aides techniques apportent un confort, une s\u00e9curit\u00e9 et une autonomie accrue dans les activit\u00e9s du quotidien. Elles limitent les efforts physiques et pr\u00e9viennent les risques de chute.<\/p>\n                      <\/div>\n        <\/div>\n      <\/div>\n    <\/div>\n  <\/div>\n<\/section>\n\n\n\n\n<!-- Benefits -->\n<section class=\"benefits\" data-id=\"6a063c4b9775c\">\n  <div class=\"benefits__visual\">\n          <img decoding=\"async\" class=\"benefits__visual--image\" src=\"https:\/\/www.domidom.fr\/carriere\/wp-content\/uploads\/sites\/2\/2025\/05\/I2B9972-scaled.jpg\" alt=\"domidom equipe\" loading=\"lazy\">\n        <div class=\"benefits__visual--content\">\n          <\/div>\n  <\/div>\n  <div class=\"benefits__content\">\n    <div class=\"u-container\">\n      <div class=\"u-grid\">\n        <div class=\"col-start-1 col-span-12 md:col-span-7 lg:col-span-6 xl:col-span-4\">\n            <div class=\"titles u-border-l text-dark b-green\">\n    <h2 class=\"title \">\n      Quelques chiffres sur le secteur de l\u2019aide \u00e0 domicile*    <\/h2>\n          <p class=\"subtitle \">* Selon les chiffres 2019 de l\u2019assurance maladie<\/p>\n      <\/div>\n        <\/div>\n      <\/div>\n      <div class=\"u-grid\">\n        <div class=\"col-start-1 col-span-12\">\n          <div class=\"benefits__content--cards\">\n            <div class=\"grid grid-cols-1 gap-10 md:grid-cols-2 md:gap-20 lg:grid-cols-4\">\n                                                <div class=\"card-benefit\">\n    <div class=\"card-benefit__wrapper\">\n            <div class=\"card-benefit__content\">\n        <h3 class=\"card-benefit__content--title\">1 salari\u00e9 sur 10<\/h3>\n        <p class=\"card-benefit__content--description\">est touch\u00e9 par un accident de travail<\/p>\n      <\/div>\n    <\/div>\n  <\/div>\n                                                <div class=\"card-benefit\">\n    <div class=\"card-benefit__wrapper\">\n            <div class=\"card-benefit__content\">\n        <h3 class=\"card-benefit__content--title\">Augmentation de 110%<\/h3>\n        <p class=\"card-benefit__content--description\">des accidents du travail en 10 ans<\/p>\n      <\/div>\n    <\/div>\n  <\/div>\n                                                <div class=\"card-benefit\">\n    <div class=\"card-benefit__wrapper\">\n            <div class=\"card-benefit__content\">\n        <h3 class=\"card-benefit__content--title\">53%<\/h3>\n        <p class=\"card-benefit__content--description\">des risques accidentels sont li\u00e9s aux manutentions manuelles et aux chutes<\/p>\n      <\/div>\n    <\/div>\n  <\/div>\n                                                <div class=\"card-benefit\">\n    <div class=\"card-benefit__wrapper\">\n            <div class=\"card-benefit__content\">\n        <h3 class=\"card-benefit__content--title\">35%<\/h3>\n        <p class=\"card-benefit__content--description\">des risques accidentels sont li\u00e9s aux chutes<\/p>\n      <\/div>\n    <\/div>\n  <\/div>\n                          <\/div>\n          <\/div>\n        <\/div>\n      <\/div>\n      <!-- Visual mobile -->\n      <div class=\"benefits__visual-m\">\n                  <img decoding=\"async\" class=\"benefits__visual-m--image\" src=\"https:\/\/www.domidom.fr\/carriere\/wp-content\/uploads\/sites\/2\/2025\/05\/I2B9972-scaled.jpg\" alt=\"domidom equipe\" loading=\"lazy\">\n                      <\/div>\n    <\/div>\n  <\/div>\n<\/section>\n  \n\n\n\n\n  <section class=\"text-rich\">\n    <div class=\"u-container\">\n      <div class=\"u-grid\">\n        <div class=\"col-start-1 col-span-12\">\n          <div class=\"text-rich__text\">\n            <div class=\"titles w\"><h2 class=\"title\">Les analyses de pratique professionnelle et r\u00e9unions d\u2019\u00e9quipe<\/h2><\/div>\n<p><strong><span style=\"color: #b3a177;\">Les s\u00e9ances d\u2019analyse de pratiques professionnelles permettent d\u2019\u00e9voquer \u00e0 l\u2019oral et en petit groupe, des situations difficiles ou complexes rencontr\u00e9es au domicile.<\/span><\/strong><\/p>\n<p>Chaque situation fait l\u2019objet d\u2019un \u00e9change dans le groupe, d\u2019une analyse et d\u2019une construction de bonnes pratiques professionnelles. Ces temps permettent d\u2019exposer ses questions, ses difficult\u00e9s, d\u2019\u00e9changer les points de vue sur la situation et de se soutenir face \u00e0 une situation complexe et douloureuse.<\/p>\n<p>Ces s\u00e9ances permettent \u00e9galement de mieux comprendre les situations, d\u2019appr\u00e9hender les probl\u00e9matiques sous un autre angle, avec plus de recul et en exploitant d\u2019autres savoirs, savoir-faire ou savoir \u00eatre.<\/p>\n          <\/div>\n                  <\/div>\n      <\/div>\n    <\/div>\n  <\/section>\n\n\n\n\n  \n<!-- Content-image -->\n<section class=\"content-image  right\" data-id=\"6a063c4b97f17\">\n  <div class=\"u-container\">\n    <div class=\"u-grid\">\n      <div class=\"col-start-1 col-span-12\">\n        <div class=\"content-image__wrapper\">\n                      <div class=\"content-image__image\">\n              <img decoding=\"async\" src=\"https:\/\/www.domidom.fr\/carriere\/wp-content\/uploads\/sites\/2\/2025\/05\/GettyImages-1169330423-scaled-e1750346373571.jpg\" alt=\"Coordinateur - DOMIDOM\" loading=\"lazy\">\n            <\/div>\n          \n          <div class=\"content-image__content\">\n            <p>Chaque agence DOMIDOM organise r\u00e9guli\u00e8rement des r\u00e9unions avec l\u2019ensemble des salari\u00e9s. Ces temps de r\u00e9unions sont importants car ils permettent de :<\/p>\n<ul>\n<li>Faire connaissance avec ses coll\u00e8gues et se sentir appartenir \u00e0 l\u2019\u00e9quipe<\/li>\n<li>\u00c9changer sur des situations et prises en charge<\/li>\n<li>\u00catre inform\u00e9 des nouveaut\u00e9s et des actualit\u00e9s de l\u2019agence<\/li>\n<\/ul>\n                      <\/div>\n        <\/div>\n      <\/div>\n    <\/div>\n  <\/div>\n<\/section>\n\n\n\n\n  <section class=\"text-rich\">\n    <div class=\"u-container\">\n      <div class=\"u-grid\">\n        <div class=\"col-start-1 col-span-12\">\n          <div class=\"text-rich__text\">\n            <div class=\"titles w\"><h2 class=\"title\">DOMIDOM r\u00e9compens\u00e9 pour sa d\u00e9marche de pr\u00e9vention des risques professionnels<\/h2><\/div>\n<p>En 2023, La CRAMIF (Caisse R\u00e9gionale d\u2019Assurance Maladie d\u2019\u00cele-de-France) a r\u00e9compens\u00e9 DOMIDOM pour sa d\u00e9marche de pr\u00e9vention des risques professionnels.<\/p>\n<p>&nbsp;<\/p>\n          <\/div>\n                  <\/div>\n      <\/div>\n    <\/div>\n  <\/section>\n\n\n\n\n\n<!-- VISUEL LARGE -->\n<section class=\"wide-visual\" data-id=\"6a063c4b985b6\">\n            <div class=\"relative w-full\">\n        <div data-poster=\"https:\/\/www.domidom.fr\/carriere\/wp-content\/uploads\/sites\/2\/2025\/05\/banniere-trophee-cramif-2023-1.png\" data-plyr-provider=\"youtube\" data-plyr-embed-id=\"https:\/\/www.youtube.com\/watch?v=GtCqMCDKXsk\" class=\"plyr-player absolute top-0 left-0 w-full h-full object-cover\"><\/div>\n      <\/div>\n      <\/section>\n\n\n\n\n<!-- Cross pages -->\n<section class=\"cross-pages\" data-id=\"6a063c4b99f27\">\n  <div class=\"u-container\">\n          <div class=\"cross-pages__titles\">\n        <div class=\"u-grid\">\n          <div class=\"col-start-1 col-span-12 lg:col-span-5 two-columns\">\n              <div class=\"titles \">\n    <h2 class=\"title \">\n      D\u00e9couvrir DOMIDOM    <\/h2>\n      <\/div>\n          <\/div>\n        <\/div>\n      <\/div>\n        <div class=\"cross-pages__wrapper\">\n                        <a class=\"card-page\" href=\"https:\/\/www.domidom.fr\/carriere\/offres-emplois\/\" >\n    <div class=\"card-page__wrapper\">\n              <img decoding=\"async\" class=\"card-page__image\" src=\"https:\/\/www.domidom.fr\/carriere\/wp-content\/uploads\/sites\/2\/2025\/05\/GettyImages-1138674786-2-scaled-e1750346408158.jpg\" alt=\"Responsable d'agence - DOMIDOM\" loading=\"lazy\">\n            <div class=\"card-page__content\">\n        <div>\n          <h3 class=\"card-page__content--title\">D\u00e9couvrez nos offres d&#8217;emploi<\/h3>\n          <p class=\"card-page__content--subtitle\">Chez DOMIDOM, nous \u0153uvrons chaque jour pour le bien-\u00eatre des personnes \u00e2g\u00e9es ou en situation de handicap. Et si vous rejoignez nos \u00e9quipes ?<\/p>\n        <\/div>\n        <div class=\"card-page__content--arrow\"><svg width=\"24\" height=\"25\" viewBox=\"0 0 24 25\" fill=\"none\" xmlns=\"http:\/\/www.w3.org\/2000\/svg\">\n<path d=\"M16.0002 8.30383L19.293 11.5967C19.6836 11.9873 19.6836 12.6204 19.293 13.0109L16.0001 16.3038M19.0001 12.3038L5.00015 12.3038\" stroke=\"#E5004C\" stroke-width=\"1.5\" stroke-linecap=\"round\"\/>\n<\/svg>\n<\/div>\n      <\/div>\n    <\/div>\n  <\/a>\n                        <a class=\"card-page\" href=\"https:\/\/www.domidom.fr\/carriere\/votre-integration\/\" >\n    <div class=\"card-page__wrapper\">\n              <img decoding=\"async\" class=\"card-page__image\" src=\"https:\/\/www.domidom.fr\/carriere\/wp-content\/uploads\/sites\/2\/2025\/05\/I2B9412-scaled-e1750346135173.jpg\" alt=\"domidom organisation\" loading=\"lazy\">\n            <div class=\"card-page__content\">\n        <div>\n          <h3 class=\"card-page__content--title\">Votre int\u00e9gration<\/h3>\n          <p class=\"card-page__content--subtitle\">Les \u00e9quipes DOMIDOM attachent beaucoup d\u2019importance \u00e0 l&rsquo;int\u00e9gration des nouveaux collaborateurs.<\/p>\n        <\/div>\n        <div class=\"card-page__content--arrow\"><svg width=\"24\" height=\"25\" viewBox=\"0 0 24 25\" fill=\"none\" xmlns=\"http:\/\/www.w3.org\/2000\/svg\">\n<path d=\"M16.0002 8.30383L19.293 11.5967C19.6836 11.9873 19.6836 12.6204 19.293 13.0109L16.0001 16.3038M19.0001 12.3038L5.00015 12.3038\" stroke=\"#E5004C\" stroke-width=\"1.5\" stroke-linecap=\"round\"\/>\n<\/svg>\n<\/div>\n      <\/div>\n    <\/div>\n  <\/a>\n                        <a class=\"card-page\" href=\"https:\/\/www.domidom.fr\/carriere\/formation\/\" >\n    <div class=\"card-page__wrapper\">\n              <img decoding=\"async\" class=\"card-page__image\" src=\"https:\/\/www.domidom.fr\/carriere\/wp-content\/uploads\/sites\/2\/2025\/05\/GettyImages-1160185814-scaled-e1750346171701.jpg\" alt=\"domidom formation\" loading=\"lazy\">\n            <div class=\"card-page__content\">\n        <div>\n          <h3 class=\"card-page__content--title\">Formation<\/h3>\n          <p class=\"card-page__content--subtitle\">La formation au service de la qualit\u00e9 de nos prestations DOMIDOM.<\/p>\n        <\/div>\n        <div class=\"card-page__content--arrow\"><svg width=\"24\" height=\"25\" viewBox=\"0 0 24 25\" fill=\"none\" xmlns=\"http:\/\/www.w3.org\/2000\/svg\">\n<path d=\"M16.0002 8.30383L19.293 11.5967C19.6836 11.9873 19.6836 12.6204 19.293 13.0109L16.0001 16.3038M19.0001 12.3038L5.00015 12.3038\" stroke=\"#E5004C\" stroke-width=\"1.5\" stroke-linecap=\"round\"\/>\n<\/svg>\n<\/div>\n      <\/div>\n    <\/div>\n  <\/a>\n          <\/div>\n  <\/div>\n<\/section>\n","protected":false},"excerpt":{"rendered":"","protected":false},"author":109,"featured_media":0,"parent":0,"menu_order":0,"comment_status":"closed","ping_status":"closed","template":"tpl-edito.php","meta":{"_acf_changed":false,"footnotes":""},"class_list":["post-2119","page","type-page","status-publish","hentry"],"acf":[],"yoast_head":"<!-- This site is optimized with the Yoast SEO plugin v25.9 - https:\/\/yoast.com\/wordpress\/plugins\/seo\/ -->\n<title>Pr\u00e9vention des risques professionnels, r\u00e9unions et APP | DOMIDOM<\/title>\n<meta name=\"description\" content=\"DOMIDOM est engag\u00e9 dans une d\u00e9marche participative et dynamique de pr\u00e9vention des risques professionnels et d\u2019am\u00e9lioration des conditions de travail de ses salari\u00e9s appel\u00e9e OPTIDOM.\" \/>\n<meta name=\"robots\" content=\"index, follow, max-snippet:-1, max-image-preview:large, max-video-preview:-1\" \/>\n<link rel=\"canonical\" href=\"https:\/\/www.domidom.fr\/carriere\/prevention-des-risques-professionnels-reunions-et-app\/\" \/>\n<meta property=\"og:locale\" content=\"fr_FR\" \/>\n<meta property=\"og:type\" content=\"article\" \/>\n<meta property=\"og:title\" content=\"Pr\u00e9vention des risques professionnels, r\u00e9unions et APP | DOMIDOM\" \/>\n<meta property=\"og:description\" content=\"DOMIDOM est engag\u00e9 dans une d\u00e9marche participative et dynamique de pr\u00e9vention des risques professionnels et d\u2019am\u00e9lioration des conditions de travail de ses salari\u00e9s appel\u00e9e OPTIDOM.\" \/>\n<meta property=\"og:url\" content=\"https:\/\/www.domidom.fr\/carriere\/prevention-des-risques-professionnels-reunions-et-app\/\" \/>\n<meta property=\"og:site_name\" content=\"Espace marque employeur\" \/>\n<meta property=\"article:modified_time\" content=\"2025-06-17T15:45:11+00:00\" \/>\n<meta name=\"twitter:card\" content=\"summary_large_image\" \/>\n<script type=\"application\/ld+json\" class=\"yoast-schema-graph\">{\"@context\":\"https:\/\/schema.org\",\"@graph\":[{\"@type\":\"WebPage\",\"@id\":\"https:\/\/www.domidom.fr\/carriere\/prevention-des-risques-professionnels-reunions-et-app\/\",\"url\":\"https:\/\/www.domidom.fr\/carriere\/prevention-des-risques-professionnels-reunions-et-app\/\",\"name\":\"Pr\u00e9vention des risques professionnels, r\u00e9unions et APP | DOMIDOM\",\"isPartOf\":{\"@id\":\"https:\/\/www.domidom.fr\/carriere\/#website\"},\"datePublished\":\"2025-05-19T08:41:50+00:00\",\"dateModified\":\"2025-06-17T15:45:11+00:00\",\"description\":\"DOMIDOM est engag\u00e9 dans une d\u00e9marche participative et dynamique de pr\u00e9vention des risques professionnels et d\u2019am\u00e9lioration des conditions de travail de ses salari\u00e9s appel\u00e9e OPTIDOM.\",\"breadcrumb\":{\"@id\":\"https:\/\/www.domidom.fr\/carriere\/prevention-des-risques-professionnels-reunions-et-app\/#breadcrumb\"},\"inLanguage\":\"fr-FR\",\"potentialAction\":[{\"@type\":\"ReadAction\",\"target\":[\"https:\/\/www.domidom.fr\/carriere\/prevention-des-risques-professionnels-reunions-et-app\/\"]}]},{\"@type\":\"BreadcrumbList\",\"@id\":\"https:\/\/www.domidom.fr\/carriere\/prevention-des-risques-professionnels-reunions-et-app\/#breadcrumb\",\"itemListElement\":[{\"@type\":\"ListItem\",\"position\":1,\"name\":\"Accueil\",\"item\":\"https:\/\/www.domidom.fr\/carriere\/\"},{\"@type\":\"ListItem\",\"position\":2,\"name\":\"Pr\u00e9vention des risques professionnels, r\u00e9unions et APP\"}]},{\"@type\":\"WebSite\",\"@id\":\"https:\/\/www.domidom.fr\/carriere\/#website\",\"url\":\"https:\/\/www.domidom.fr\/carriere\/\",\"name\":\"Espace marque employeur\",\"description\":\"\",\"potentialAction\":[{\"@type\":\"SearchAction\",\"target\":{\"@type\":\"EntryPoint\",\"urlTemplate\":\"https:\/\/www.domidom.fr\/carriere\/?s={search_term_string}\"},\"query-input\":{\"@type\":\"PropertyValueSpecification\",\"valueRequired\":true,\"valueName\":\"search_term_string\"}}],\"inLanguage\":\"fr-FR\"}]}<\/script>\n<!-- \/ Yoast SEO plugin. -->","yoast_head_json":{"title":"Pr\u00e9vention des risques professionnels, r\u00e9unions et APP | DOMIDOM","description":"DOMIDOM est engag\u00e9 dans une d\u00e9marche participative et dynamique de pr\u00e9vention des risques professionnels et d\u2019am\u00e9lioration des conditions de travail de ses salari\u00e9s appel\u00e9e OPTIDOM.","robots":{"index":"index","follow":"follow","max-snippet":"max-snippet:-1","max-image-preview":"max-image-preview:large","max-video-preview":"max-video-preview:-1"},"canonical":"https:\/\/www.domidom.fr\/carriere\/prevention-des-risques-professionnels-reunions-et-app\/","og_locale":"fr_FR","og_type":"article","og_title":"Pr\u00e9vention des risques professionnels, r\u00e9unions et APP | DOMIDOM","og_description":"DOMIDOM est engag\u00e9 dans une d\u00e9marche participative et dynamique de pr\u00e9vention des risques professionnels et d\u2019am\u00e9lioration des conditions de travail de ses salari\u00e9s appel\u00e9e OPTIDOM.","og_url":"https:\/\/www.domidom.fr\/carriere\/prevention-des-risques-professionnels-reunions-et-app\/","og_site_name":"Espace marque employeur","article_modified_time":"2025-06-17T15:45:11+00:00","twitter_card":"summary_large_image","schema":{"@context":"https:\/\/schema.org","@graph":[{"@type":"WebPage","@id":"https:\/\/www.domidom.fr\/carriere\/prevention-des-risques-professionnels-reunions-et-app\/","url":"https:\/\/www.domidom.fr\/carriere\/prevention-des-risques-professionnels-reunions-et-app\/","name":"Pr\u00e9vention des risques professionnels, r\u00e9unions et APP | DOMIDOM","isPartOf":{"@id":"https:\/\/www.domidom.fr\/carriere\/#website"},"datePublished":"2025-05-19T08:41:50+00:00","dateModified":"2025-06-17T15:45:11+00:00","description":"DOMIDOM est engag\u00e9 dans une d\u00e9marche participative et dynamique de pr\u00e9vention des risques professionnels et d\u2019am\u00e9lioration des conditions de travail de ses salari\u00e9s appel\u00e9e OPTIDOM.","breadcrumb":{"@id":"https:\/\/www.domidom.fr\/carriere\/prevention-des-risques-professionnels-reunions-et-app\/#breadcrumb"},"inLanguage":"fr-FR","potentialAction":[{"@type":"ReadAction","target":["https:\/\/www.domidom.fr\/carriere\/prevention-des-risques-professionnels-reunions-et-app\/"]}]},{"@type":"BreadcrumbList","@id":"https:\/\/www.domidom.fr\/carriere\/prevention-des-risques-professionnels-reunions-et-app\/#breadcrumb","itemListElement":[{"@type":"ListItem","position":1,"name":"Accueil","item":"https:\/\/www.domidom.fr\/carriere\/"},{"@type":"ListItem","position":2,"name":"Pr\u00e9vention des risques professionnels, r\u00e9unions et APP"}]},{"@type":"WebSite","@id":"https:\/\/www.domidom.fr\/carriere\/#website","url":"https:\/\/www.domidom.fr\/carriere\/","name":"Espace marque employeur","description":"","potentialAction":[{"@type":"SearchAction","target":{"@type":"EntryPoint","urlTemplate":"https:\/\/www.domidom.fr\/carriere\/?s={search_term_string}"},"query-input":{"@type":"PropertyValueSpecification","valueRequired":true,"valueName":"search_term_string"}}],"inLanguage":"fr-FR"}]}},"_links":{"self":[{"href":"https:\/\/www.domidom.fr\/carriere\/wp-json\/wp\/v2\/pages\/2119","targetHints":{"allow":["GET"]}}],"collection":[{"href":"https:\/\/www.domidom.fr\/carriere\/wp-json\/wp\/v2\/pages"}],"about":[{"href":"https:\/\/www.domidom.fr\/carriere\/wp-json\/wp\/v2\/types\/page"}],"author":[{"embeddable":true,"href":"https:\/\/www.domidom.fr\/carriere\/wp-json\/wp\/v2\/users\/109"}],"replies":[{"embeddable":true,"href":"https:\/\/www.domidom.fr\/carriere\/wp-json\/wp\/v2\/comments?post=2119"}],"version-history":[{"count":2,"href":"https:\/\/www.domidom.fr\/carriere\/wp-json\/wp\/v2\/pages\/2119\/revisions"}],"predecessor-version":[{"id":2522,"href":"https:\/\/www.domidom.fr\/carriere\/wp-json\/wp\/v2\/pages\/2119\/revisions\/2522"}],"wp:attachment":[{"href":"https:\/\/www.domidom.fr\/carriere\/wp-json\/wp\/v2\/media?parent=2119"}],"curies":[{"name":"wp","href":"https:\/\/api.w.org\/{rel}","templated":true}]}}