{"id":2120,"date":"2025-05-19T10:41:56","date_gmt":"2025-05-19T08:41:56","guid":{"rendered":"https:\/\/domidom-2025.staging-env.fr\/carriere\/?page_id=2120"},"modified":"2025-06-25T14:40:03","modified_gmt":"2025-06-25T12:40:03","slug":"formation","status":"publish","type":"page","link":"https:\/\/www.domidom.fr\/carriere\/formation\/","title":{"rendered":"Formation"},"content":{"rendered":"  <!-- Cover edito -->\n  <section class=\"cover-edito\" data-id=\"6a078081ef157\">\n    <img decoding=\"async\" class=\"cover-edito__image\" src=\"https:\/\/www.domidom.fr\/carriere\/wp-content\/uploads\/sites\/2\/2025\/05\/GettyImages-1160185814-scaled-e1750346171701.jpg\" alt=\"domidom formation\" fetchpriority=\"high\">\n    <div class=\"cover-edito__bg\"><\/div>\n    <div class=\"cover-edito__content\">\n      <h1 class=\"cover-edito__content--title\">Des formations tout au long de la vie professionnelle<\/h1>\n      <p class=\"cover-edito__content--subtitle\"><\/p>\n    <\/div>\n    <div class=\"cover-edito__border\"><\/div>\n  <\/section>\n\n\n\n\n  <section class=\"text-rich\">\n    <div class=\"u-container\">\n      <div class=\"u-grid\">\n        <div class=\"col-start-1 col-span-12\">\n          <div class=\"text-rich__text\">\n            <div class=\"titles w\"><h2 class=\"title\">La formation<\/h2><\/div>\n<h3 class=\"t-2b w\">La formation au service de la qualit\u00e9 de nos prestations.<\/h3>\n<p>Pour que chaque intervenant dispose des capacit\u00e9s requises pour la mission qui lui est confi\u00e9e, DOMIDOM a mis en place un vaste programme de formation permettant d\u2019apporter aux intervenants les connaissances th\u00e9oriques et pratiques ainsi que les savoir-faire et savoir-\u00eatre li\u00e9s \u00e0 chaque prestation, notamment :<\/p>\n<p class=\"h3 w\">Pour les services \u00e0 la maison<\/p>\n<p>La m\u00e9thode unique DOMIDOM pour l\u2019entretien de votre int\u00e9rieur avec notre Acad\u00e9mie de la propret\u00e9, mais \u00e9galement des formations li\u00e9es \u00e0 l\u2019entretien du linge ou \u00e0 la pr\u00e9paration des repas.<\/p>\n<p>Le <a href=\"https:\/\/www.domidom.fr\/carriere\/referent-qualite\/\">r\u00e9f\u00e9rent Qualit\u00e9<\/a> de l\u2019agence a pour mission de suivre l\u2019int\u00e9gration et la formation des collaborateurs. Il est ainsi le garant de la qualit\u00e9 des missions de services \u00e0 la maison\u00a0;<\/p>\n<p class=\"h3 w\">Pour les services \u00e0 la personne<\/p>\n<p>Les pathologies li\u00e9es au vieillissement et au handicap, l\u2019aide \u00e0 la toilette, \u00e0 la mobilit\u00e9 et \u00e0 l\u2019alimentation des personnes en perte d\u2019autonomie.<\/p>\n<p>Une attention particuli\u00e8re est port\u00e9e pour tous nos intervenants sur les notions de bientraitance et de pr\u00e9vention des risques professionnels.<\/p>\n<h3 class=\"t-2b w\"><span style=\"color: #b3a177;\"><strong>Une plateforme e-learning disponible pour tous les salari\u00e9s.<\/strong><\/span><\/h3>\n<p>Parce qu\u2019il est important de se former tout au long de son parcours professionnel, DOMIDOM propose \u00e0 ses salari\u00e9s de suivre un parcours de formation digitale.<\/p>\n<p>Ce parcours d\u2019une dur\u00e9e de 14 heures est compos\u00e9 de 5 domaines de comp\u00e9tences balayant les comp\u00e9tences indispensables \u00e0 avoir pour mener \u00e0 bien sa mission d\u2019intervenant \u00e0 domicile (Assistant de vie : son m\u00e9tier, Gestes et postures, Hygi\u00e8ne, Alimentation, Pr\u00e9vention des chutes et des dangers)<\/p>\n          <\/div>\n                  <\/div>\n      <\/div>\n    <\/div>\n  <\/section>\n\n\n\n\n\n<!-- Cross pages -->\n<section class=\"cross-pages\" data-id=\"6a078081f11ef\">\n  <div class=\"u-container\">\n          <div class=\"cross-pages__titles\">\n        <div class=\"u-grid\">\n          <div class=\"col-start-1 col-span-12 lg:col-span-5 two-columns\">\n              <div class=\"titles \">\n    <h2 class=\"title \">\n      D\u00e9couvrir DOMIDOM    <\/h2>\n      <\/div>\n          <\/div>\n        <\/div>\n      <\/div>\n        <div class=\"cross-pages__wrapper\">\n                        <a class=\"card-page\" href=\"https:\/\/www.domidom.fr\/carriere\/offres-emplois\/\" >\n    <div class=\"card-page__wrapper\">\n              <img decoding=\"async\" class=\"card-page__image\" src=\"https:\/\/www.domidom.fr\/carriere\/wp-content\/uploads\/sites\/2\/2025\/05\/GettyImages-1138674786-2-scaled-e1750346408158.jpg\" alt=\"Responsable d'agence - DOMIDOM\" loading=\"lazy\">\n            <div class=\"card-page__content\">\n        <div>\n          <h3 class=\"card-page__content--title\">D\u00e9couvrez nos offres d&#8217;emploi<\/h3>\n          <p class=\"card-page__content--subtitle\">Chez DOMIDOM, nous \u0153uvrons chaque jour pour le bien-\u00eatre des personnes \u00e2g\u00e9es ou en situation de handicap. Et si vous rejoignez nos \u00e9quipes ?<\/p>\n        <\/div>\n        <div class=\"card-page__content--arrow\"><svg width=\"24\" height=\"25\" viewBox=\"0 0 24 25\" fill=\"none\" xmlns=\"http:\/\/www.w3.org\/2000\/svg\">\n<path d=\"M16.0002 8.30383L19.293 11.5967C19.6836 11.9873 19.6836 12.6204 19.293 13.0109L16.0001 16.3038M19.0001 12.3038L5.00015 12.3038\" stroke=\"#E5004C\" stroke-width=\"1.5\" stroke-linecap=\"round\"\/>\n<\/svg>\n<\/div>\n      <\/div>\n    <\/div>\n  <\/a>\n                        <a class=\"card-page\" href=\"https:\/\/www.domidom.fr\/carriere\/votre-integration\/\" >\n    <div class=\"card-page__wrapper\">\n              <img decoding=\"async\" class=\"card-page__image\" src=\"https:\/\/www.domidom.fr\/carriere\/wp-content\/uploads\/sites\/2\/2025\/05\/I2B9412-scaled-e1750346135173.jpg\" alt=\"domidom organisation\" loading=\"lazy\">\n            <div class=\"card-page__content\">\n        <div>\n          <h3 class=\"card-page__content--title\">Votre int\u00e9gration<\/h3>\n          <p class=\"card-page__content--subtitle\">Les \u00e9quipes DOMIDOM attachent beaucoup d\u2019importance \u00e0 l&rsquo;int\u00e9gration des nouveaux collaborateurs.<\/p>\n        <\/div>\n        <div class=\"card-page__content--arrow\"><svg width=\"24\" height=\"25\" viewBox=\"0 0 24 25\" fill=\"none\" xmlns=\"http:\/\/www.w3.org\/2000\/svg\">\n<path d=\"M16.0002 8.30383L19.293 11.5967C19.6836 11.9873 19.6836 12.6204 19.293 13.0109L16.0001 16.3038M19.0001 12.3038L5.00015 12.3038\" stroke=\"#E5004C\" stroke-width=\"1.5\" stroke-linecap=\"round\"\/>\n<\/svg>\n<\/div>\n      <\/div>\n    <\/div>\n  <\/a>\n                        <a class=\"card-page\" href=\"https:\/\/www.domidom.fr\/carriere\/notre-mission-culture-nos-engagements\/\" >\n    <div class=\"card-page__wrapper\">\n              <img decoding=\"async\" class=\"card-page__image\" src=\"https:\/\/www.domidom.fr\/carriere\/wp-content\/uploads\/sites\/2\/2025\/05\/I2B9043-scaled.jpg\" alt=\"domidom aide domicile aide interieur\" loading=\"lazy\">\n            <div class=\"card-page__content\">\n        <div>\n          <h3 class=\"card-page__content--title\">Notre mission, culture, nos engagements<\/h3>\n          <p class=\"card-page__content--subtitle\">Chaque jour, DOMIDOM s\u2019engage \u00e0 mener une politique RH ax\u00e9e sur la qualit\u00e9 de vie au travail et contribue ainsi au bien-\u00eatre de ses collaborateurs pour qu\u2019ils puissent donner le meilleur d\u2019eux-m\u00eames.<\/p>\n        <\/div>\n        <div class=\"card-page__content--arrow\"><svg width=\"24\" height=\"25\" viewBox=\"0 0 24 25\" fill=\"none\" xmlns=\"http:\/\/www.w3.org\/2000\/svg\">\n<path d=\"M16.0002 8.30383L19.293 11.5967C19.6836 11.9873 19.6836 12.6204 19.293 13.0109L16.0001 16.3038M19.0001 12.3038L5.00015 12.3038\" stroke=\"#E5004C\" stroke-width=\"1.5\" stroke-linecap=\"round\"\/>\n<\/svg>\n<\/div>\n      <\/div>\n    <\/div>\n  <\/a>\n          <\/div>\n  <\/div>\n<\/section>\n","protected":false},"excerpt":{"rendered":"","protected":false},"author":109,"featured_media":0,"parent":0,"menu_order":0,"comment_status":"closed","ping_status":"closed","template":"tpl-edito.php","meta":{"_acf_changed":false,"footnotes":""},"class_list":["post-2120","page","type-page","status-publish","hentry"],"acf":[],"yoast_head":"<!-- This site is optimized with the Yoast SEO plugin v25.9 - https:\/\/yoast.com\/wordpress\/plugins\/seo\/ -->\n<title>Des formations tout au long de la vie professionnelle | DOMIDOM<\/title>\n<meta name=\"description\" content=\"La formation continue des collaborateurs au service de la qualit\u00e9 de nos prestations DOMIDOM.\" \/>\n<meta name=\"robots\" content=\"index, follow, max-snippet:-1, max-image-preview:large, max-video-preview:-1\" \/>\n<link rel=\"canonical\" href=\"https:\/\/www.domidom.fr\/carriere\/formation\/\" \/>\n<meta property=\"og:locale\" content=\"fr_FR\" \/>\n<meta property=\"og:type\" content=\"article\" \/>\n<meta property=\"og:title\" content=\"Des formations tout au long de la vie professionnelle | DOMIDOM\" \/>\n<meta property=\"og:description\" content=\"La formation continue des collaborateurs au service de la qualit\u00e9 de nos prestations DOMIDOM.\" \/>\n<meta property=\"og:url\" content=\"https:\/\/www.domidom.fr\/carriere\/formation\/\" \/>\n<meta property=\"og:site_name\" content=\"Espace marque employeur\" \/>\n<meta property=\"article:modified_time\" content=\"2025-06-25T12:40:03+00:00\" \/>\n<meta name=\"twitter:card\" content=\"summary_large_image\" \/>\n<script type=\"application\/ld+json\" class=\"yoast-schema-graph\">{\"@context\":\"https:\/\/schema.org\",\"@graph\":[{\"@type\":\"WebPage\",\"@id\":\"https:\/\/www.domidom.fr\/carriere\/formation\/\",\"url\":\"https:\/\/www.domidom.fr\/carriere\/formation\/\",\"name\":\"Des formations tout au long de la vie professionnelle | DOMIDOM\",\"isPartOf\":{\"@id\":\"https:\/\/www.domidom.fr\/carriere\/#website\"},\"datePublished\":\"2025-05-19T08:41:56+00:00\",\"dateModified\":\"2025-06-25T12:40:03+00:00\",\"description\":\"La formation continue des collaborateurs au service de la qualit\u00e9 de nos prestations DOMIDOM.\",\"breadcrumb\":{\"@id\":\"https:\/\/www.domidom.fr\/carriere\/formation\/#breadcrumb\"},\"inLanguage\":\"fr-FR\",\"potentialAction\":[{\"@type\":\"ReadAction\",\"target\":[\"https:\/\/www.domidom.fr\/carriere\/formation\/\"]}]},{\"@type\":\"BreadcrumbList\",\"@id\":\"https:\/\/www.domidom.fr\/carriere\/formation\/#breadcrumb\",\"itemListElement\":[{\"@type\":\"ListItem\",\"position\":1,\"name\":\"Accueil\",\"item\":\"https:\/\/www.domidom.fr\/carriere\/\"},{\"@type\":\"ListItem\",\"position\":2,\"name\":\"Formation\"}]},{\"@type\":\"WebSite\",\"@id\":\"https:\/\/www.domidom.fr\/carriere\/#website\",\"url\":\"https:\/\/www.domidom.fr\/carriere\/\",\"name\":\"Espace marque employeur\",\"description\":\"\",\"potentialAction\":[{\"@type\":\"SearchAction\",\"target\":{\"@type\":\"EntryPoint\",\"urlTemplate\":\"https:\/\/www.domidom.fr\/carriere\/?s={search_term_string}\"},\"query-input\":{\"@type\":\"PropertyValueSpecification\",\"valueRequired\":true,\"valueName\":\"search_term_string\"}}],\"inLanguage\":\"fr-FR\"}]}<\/script>\n<!-- \/ Yoast SEO plugin. -->","yoast_head_json":{"title":"Des formations tout au long de la vie professionnelle | DOMIDOM","description":"La formation continue des collaborateurs au service de la qualit\u00e9 de nos prestations DOMIDOM.","robots":{"index":"index","follow":"follow","max-snippet":"max-snippet:-1","max-image-preview":"max-image-preview:large","max-video-preview":"max-video-preview:-1"},"canonical":"https:\/\/www.domidom.fr\/carriere\/formation\/","og_locale":"fr_FR","og_type":"article","og_title":"Des formations tout au long de la vie professionnelle | DOMIDOM","og_description":"La formation continue des collaborateurs au service de la qualit\u00e9 de nos prestations DOMIDOM.","og_url":"https:\/\/www.domidom.fr\/carriere\/formation\/","og_site_name":"Espace marque employeur","article_modified_time":"2025-06-25T12:40:03+00:00","twitter_card":"summary_large_image","schema":{"@context":"https:\/\/schema.org","@graph":[{"@type":"WebPage","@id":"https:\/\/www.domidom.fr\/carriere\/formation\/","url":"https:\/\/www.domidom.fr\/carriere\/formation\/","name":"Des formations tout au long de la vie professionnelle | DOMIDOM","isPartOf":{"@id":"https:\/\/www.domidom.fr\/carriere\/#website"},"datePublished":"2025-05-19T08:41:56+00:00","dateModified":"2025-06-25T12:40:03+00:00","description":"La formation continue des collaborateurs au service de la qualit\u00e9 de nos prestations DOMIDOM.","breadcrumb":{"@id":"https:\/\/www.domidom.fr\/carriere\/formation\/#breadcrumb"},"inLanguage":"fr-FR","potentialAction":[{"@type":"ReadAction","target":["https:\/\/www.domidom.fr\/carriere\/formation\/"]}]},{"@type":"BreadcrumbList","@id":"https:\/\/www.domidom.fr\/carriere\/formation\/#breadcrumb","itemListElement":[{"@type":"ListItem","position":1,"name":"Accueil","item":"https:\/\/www.domidom.fr\/carriere\/"},{"@type":"ListItem","position":2,"name":"Formation"}]},{"@type":"WebSite","@id":"https:\/\/www.domidom.fr\/carriere\/#website","url":"https:\/\/www.domidom.fr\/carriere\/","name":"Espace marque employeur","description":"","potentialAction":[{"@type":"SearchAction","target":{"@type":"EntryPoint","urlTemplate":"https:\/\/www.domidom.fr\/carriere\/?s={search_term_string}"},"query-input":{"@type":"PropertyValueSpecification","valueRequired":true,"valueName":"search_term_string"}}],"inLanguage":"fr-FR"}]}},"_links":{"self":[{"href":"https:\/\/www.domidom.fr\/carriere\/wp-json\/wp\/v2\/pages\/2120","targetHints":{"allow":["GET"]}}],"collection":[{"href":"https:\/\/www.domidom.fr\/carriere\/wp-json\/wp\/v2\/pages"}],"about":[{"href":"https:\/\/www.domidom.fr\/carriere\/wp-json\/wp\/v2\/types\/page"}],"author":[{"embeddable":true,"href":"https:\/\/www.domidom.fr\/carriere\/wp-json\/wp\/v2\/users\/109"}],"replies":[{"embeddable":true,"href":"https:\/\/www.domidom.fr\/carriere\/wp-json\/wp\/v2\/comments?post=2120"}],"version-history":[{"count":3,"href":"https:\/\/www.domidom.fr\/carriere\/wp-json\/wp\/v2\/pages\/2120\/revisions"}],"predecessor-version":[{"id":2575,"href":"https:\/\/www.domidom.fr\/carriere\/wp-json\/wp\/v2\/pages\/2120\/revisions\/2575"}],"wp:attachment":[{"href":"https:\/\/www.domidom.fr\/carriere\/wp-json\/wp\/v2\/media?parent=2120"}],"curies":[{"name":"wp","href":"https:\/\/api.w.org\/{rel}","templated":true}]}}