{"id":2123,"date":"2025-05-19T10:42:11","date_gmt":"2025-05-19T08:42:11","guid":{"rendered":"https:\/\/domidom-2025.staging-env.fr\/carriere\/?page_id=2123"},"modified":"2025-06-17T17:45:53","modified_gmt":"2025-06-17T15:45:53","slug":"referent-qualite","status":"publish","type":"page","link":"https:\/\/www.domidom.fr\/carriere\/referent-qualite\/","title":{"rendered":"R\u00e9f\u00e9rent qualit\u00e9"},"content":{"rendered":"  <!-- Cover edito -->\n  <section class=\"cover-edito\" data-id=\"6a063c36547e1\">\n    <img decoding=\"async\" class=\"cover-edito__image\" src=\"https:\/\/www.domidom.fr\/carriere\/wp-content\/uploads\/sites\/2\/2025\/05\/GettyImages-1138674786-2-scaled-e1750346408158.jpg\" alt=\"Responsable d'agence - DOMIDOM\" fetchpriority=\"high\">\n    <div class=\"cover-edito__bg\"><\/div>\n    <div class=\"cover-edito__content\">\n      <h1 class=\"cover-edito__content--title\">Le r\u00e9f\u00e9rent qualit\u00e9<\/h1>\n      <p class=\"cover-edito__content--subtitle\"><\/p>\n    <\/div>\n    <div class=\"cover-edito__border\"><\/div>\n  <\/section>\n\n\n\n\n  <section class=\"text-rich\">\n    <div class=\"u-container\">\n      <div class=\"u-grid\">\n        <div class=\"col-start-1 col-span-12\">\n          <div class=\"text-rich__text\">\n            <div class=\"titles w\"><h2 class=\"title\">Le R\u00e9f\u00e9rent Qualit\u00e9 : un accompagnement sur mesure<\/h2><\/div>\n<h3 class=\"t-2b w\">Il garantit et maintient la qualit\u00e9 des prestations<\/h3>\n<p>Pour cela, il effectue des visites au domicile des clients. Il peut ainsi \u00e9valuer la satisfaction et suivre la qualit\u00e9 du travail effectu\u00e9. Il peut aussi recueillir les insatisfactions et proposer des actions correctives \u00e0 l\u2019agence. Il peut \u00e9galement r\u00e9ajuster les prestations si besoin.<\/p>\n<h3 class=\"t-2b w\">Il int\u00e8gre, forme et accompagne les salari\u00e9s<\/h3>\n<p>Le <strong>R\u00e9f\u00e9rent Qualit\u00e9<\/strong> prend en charge le parcours d\u2019int\u00e9gration du nouveau salari\u00e9. Pour cela, il forme aux techniques et aux protocoles DOMIDOM, notamment dans le cadre de la prestation \u00ab entretien durable \u00bb.<\/p>\n<p>Il organise des sessions de formation et de recyclage des connaissances. Il propose des formations en fonction de vos besoins.<\/p>\n<p>Le <strong>R\u00e9f\u00e9rent Qualit\u00e9<\/strong> accompagne l\u2019intervenant \u00e0 domicile lors d\u2019une nouvelle mission. Il peut ainsi veiller \u00e0 ce que la demande initiale du client corresponde bien aux t\u00e2ches demand\u00e9es.<\/p>\n          <\/div>\n                  <\/div>\n      <\/div>\n    <\/div>\n  <\/section>\n\n\n\n\n\n<!-- Cross pages -->\n<section class=\"cross-pages\" data-id=\"6a063c36564d5\">\n  <div class=\"u-container\">\n          <div class=\"cross-pages__titles\">\n        <div class=\"u-grid\">\n          <div class=\"col-start-1 col-span-12 lg:col-span-5 two-columns\">\n              <div class=\"titles \">\n    <h2 class=\"title \">\n      D\u00e9couvrir DOMIDOM    <\/h2>\n      <\/div>\n          <\/div>\n        <\/div>\n      <\/div>\n        <div class=\"cross-pages__wrapper\">\n                        <a class=\"card-page\" href=\"https:\/\/www.domidom.fr\/carriere\/formation\/\" >\n    <div class=\"card-page__wrapper\">\n              <img decoding=\"async\" class=\"card-page__image\" src=\"https:\/\/www.domidom.fr\/carriere\/wp-content\/uploads\/sites\/2\/2025\/05\/GettyImages-1160185814-scaled-e1750346171701.jpg\" alt=\"domidom formation\" loading=\"lazy\">\n            <div class=\"card-page__content\">\n        <div>\n          <h3 class=\"card-page__content--title\">Formation<\/h3>\n          <p class=\"card-page__content--subtitle\">La formation au service de la qualit\u00e9 de nos prestations DOMIDOM.<\/p>\n        <\/div>\n        <div class=\"card-page__content--arrow\"><svg width=\"24\" height=\"25\" viewBox=\"0 0 24 25\" fill=\"none\" xmlns=\"http:\/\/www.w3.org\/2000\/svg\">\n<path d=\"M16.0002 8.30383L19.293 11.5967C19.6836 11.9873 19.6836 12.6204 19.293 13.0109L16.0001 16.3038M19.0001 12.3038L5.00015 12.3038\" stroke=\"#E5004C\" stroke-width=\"1.5\" stroke-linecap=\"round\"\/>\n<\/svg>\n<\/div>\n      <\/div>\n    <\/div>\n  <\/a>\n                        <a class=\"card-page\" href=\"https:\/\/www.domidom.fr\/carriere\/votre-integration\/\" >\n    <div class=\"card-page__wrapper\">\n              <img decoding=\"async\" class=\"card-page__image\" src=\"https:\/\/www.domidom.fr\/carriere\/wp-content\/uploads\/sites\/2\/2025\/05\/I2B9412-scaled-e1750346135173.jpg\" alt=\"domidom organisation\" loading=\"lazy\">\n            <div class=\"card-page__content\">\n        <div>\n          <h3 class=\"card-page__content--title\">Votre int\u00e9gration<\/h3>\n          <p class=\"card-page__content--subtitle\">Les \u00e9quipes DOMIDOM attachent beaucoup d\u2019importance \u00e0 l&rsquo;int\u00e9gration des nouveaux collaborateurs.<\/p>\n        <\/div>\n        <div class=\"card-page__content--arrow\"><svg width=\"24\" height=\"25\" viewBox=\"0 0 24 25\" fill=\"none\" xmlns=\"http:\/\/www.w3.org\/2000\/svg\">\n<path d=\"M16.0002 8.30383L19.293 11.5967C19.6836 11.9873 19.6836 12.6204 19.293 13.0109L16.0001 16.3038M19.0001 12.3038L5.00015 12.3038\" stroke=\"#E5004C\" stroke-width=\"1.5\" stroke-linecap=\"round\"\/>\n<\/svg>\n<\/div>\n      <\/div>\n    <\/div>\n  <\/a>\n                        <a class=\"card-page\" href=\"https:\/\/www.domidom.fr\/carriere\/prevention-des-risques-professionnels-reunions-et-app\/\" >\n    <div class=\"card-page__wrapper\">\n              <img decoding=\"async\" class=\"card-page__image\" src=\"https:\/\/www.domidom.fr\/carriere\/wp-content\/uploads\/sites\/2\/2025\/05\/I2B0006_2-scaled-e1750346071269.jpg\" alt=\"domidom prevention risques professionnels reunions et app 2\" loading=\"lazy\">\n            <div class=\"card-page__content\">\n        <div>\n          <h3 class=\"card-page__content--title\">Pr\u00e9vention des risques professionnels &#038; R\u00e9unions et app<\/h3>\n          <p class=\"card-page__content--subtitle\">DOMIDOM est engag\u00e9 dans une d\u00e9marche participative et dynamique de pr\u00e9vention des risques professionnels et d\u2019am\u00e9lioration des conditions de travail de ses salari\u00e9s.<\/p>\n        <\/div>\n        <div class=\"card-page__content--arrow\"><svg width=\"24\" height=\"25\" viewBox=\"0 0 24 25\" fill=\"none\" xmlns=\"http:\/\/www.w3.org\/2000\/svg\">\n<path d=\"M16.0002 8.30383L19.293 11.5967C19.6836 11.9873 19.6836 12.6204 19.293 13.0109L16.0001 16.3038M19.0001 12.3038L5.00015 12.3038\" stroke=\"#E5004C\" stroke-width=\"1.5\" stroke-linecap=\"round\"\/>\n<\/svg>\n<\/div>\n      <\/div>\n    <\/div>\n  <\/a>\n          <\/div>\n  <\/div>\n<\/section>\n","protected":false},"excerpt":{"rendered":"","protected":false},"author":109,"featured_media":0,"parent":0,"menu_order":0,"comment_status":"closed","ping_status":"closed","template":"tpl-edito.php","meta":{"_acf_changed":false,"footnotes":""},"class_list":["post-2123","page","type-page","status-publish","hentry"],"acf":[],"yoast_head":"<!-- This site is optimized with the Yoast SEO plugin v25.9 - https:\/\/yoast.com\/wordpress\/plugins\/seo\/ -->\n<title>R\u00e9f\u00e9rent qualit\u00e9 aide \u00e0 la personne | DOMIDOM<\/title>\n<meta name=\"description\" content=\"D\u00e9couvrez le r\u00f4le du r\u00e9f\u00e9rent Qualit\u00e9 chez DOMIDOM, votre garant de la qualit\u00e9 des prestations d&#039;aide \u00e0 domicile.\" \/>\n<meta name=\"robots\" content=\"index, follow, max-snippet:-1, max-image-preview:large, max-video-preview:-1\" \/>\n<link rel=\"canonical\" href=\"https:\/\/www.domidom.fr\/carriere\/referent-qualite\/\" \/>\n<meta property=\"og:locale\" content=\"fr_FR\" \/>\n<meta property=\"og:type\" content=\"article\" \/>\n<meta property=\"og:title\" content=\"R\u00e9f\u00e9rent qualit\u00e9 aide \u00e0 la personne | DOMIDOM\" \/>\n<meta property=\"og:description\" content=\"D\u00e9couvrez le r\u00f4le du r\u00e9f\u00e9rent Qualit\u00e9 chez DOMIDOM, votre garant de la qualit\u00e9 des prestations d&#039;aide \u00e0 domicile.\" \/>\n<meta property=\"og:url\" content=\"https:\/\/www.domidom.fr\/carriere\/referent-qualite\/\" \/>\n<meta property=\"og:site_name\" content=\"Espace marque employeur\" \/>\n<meta property=\"article:modified_time\" content=\"2025-06-17T15:45:53+00:00\" \/>\n<meta name=\"twitter:card\" content=\"summary_large_image\" \/>\n<script type=\"application\/ld+json\" class=\"yoast-schema-graph\">{\"@context\":\"https:\/\/schema.org\",\"@graph\":[{\"@type\":\"WebPage\",\"@id\":\"https:\/\/www.domidom.fr\/carriere\/referent-qualite\/\",\"url\":\"https:\/\/www.domidom.fr\/carriere\/referent-qualite\/\",\"name\":\"R\u00e9f\u00e9rent qualit\u00e9 aide \u00e0 la personne | DOMIDOM\",\"isPartOf\":{\"@id\":\"https:\/\/www.domidom.fr\/carriere\/#website\"},\"datePublished\":\"2025-05-19T08:42:11+00:00\",\"dateModified\":\"2025-06-17T15:45:53+00:00\",\"description\":\"D\u00e9couvrez le r\u00f4le du r\u00e9f\u00e9rent Qualit\u00e9 chez DOMIDOM, votre garant de la qualit\u00e9 des prestations d'aide \u00e0 domicile.\",\"breadcrumb\":{\"@id\":\"https:\/\/www.domidom.fr\/carriere\/referent-qualite\/#breadcrumb\"},\"inLanguage\":\"fr-FR\",\"potentialAction\":[{\"@type\":\"ReadAction\",\"target\":[\"https:\/\/www.domidom.fr\/carriere\/referent-qualite\/\"]}]},{\"@type\":\"BreadcrumbList\",\"@id\":\"https:\/\/www.domidom.fr\/carriere\/referent-qualite\/#breadcrumb\",\"itemListElement\":[{\"@type\":\"ListItem\",\"position\":1,\"name\":\"Accueil\",\"item\":\"https:\/\/www.domidom.fr\/carriere\/\"},{\"@type\":\"ListItem\",\"position\":2,\"name\":\"R\u00e9f\u00e9rent qualit\u00e9\"}]},{\"@type\":\"WebSite\",\"@id\":\"https:\/\/www.domidom.fr\/carriere\/#website\",\"url\":\"https:\/\/www.domidom.fr\/carriere\/\",\"name\":\"Espace marque employeur\",\"description\":\"\",\"potentialAction\":[{\"@type\":\"SearchAction\",\"target\":{\"@type\":\"EntryPoint\",\"urlTemplate\":\"https:\/\/www.domidom.fr\/carriere\/?s={search_term_string}\"},\"query-input\":{\"@type\":\"PropertyValueSpecification\",\"valueRequired\":true,\"valueName\":\"search_term_string\"}}],\"inLanguage\":\"fr-FR\"}]}<\/script>\n<!-- \/ Yoast SEO plugin. -->","yoast_head_json":{"title":"R\u00e9f\u00e9rent qualit\u00e9 aide \u00e0 la personne | DOMIDOM","description":"D\u00e9couvrez le r\u00f4le du r\u00e9f\u00e9rent Qualit\u00e9 chez DOMIDOM, votre garant de la qualit\u00e9 des prestations d'aide \u00e0 domicile.","robots":{"index":"index","follow":"follow","max-snippet":"max-snippet:-1","max-image-preview":"max-image-preview:large","max-video-preview":"max-video-preview:-1"},"canonical":"https:\/\/www.domidom.fr\/carriere\/referent-qualite\/","og_locale":"fr_FR","og_type":"article","og_title":"R\u00e9f\u00e9rent qualit\u00e9 aide \u00e0 la personne | DOMIDOM","og_description":"D\u00e9couvrez le r\u00f4le du r\u00e9f\u00e9rent Qualit\u00e9 chez DOMIDOM, votre garant de la qualit\u00e9 des prestations d'aide \u00e0 domicile.","og_url":"https:\/\/www.domidom.fr\/carriere\/referent-qualite\/","og_site_name":"Espace marque employeur","article_modified_time":"2025-06-17T15:45:53+00:00","twitter_card":"summary_large_image","schema":{"@context":"https:\/\/schema.org","@graph":[{"@type":"WebPage","@id":"https:\/\/www.domidom.fr\/carriere\/referent-qualite\/","url":"https:\/\/www.domidom.fr\/carriere\/referent-qualite\/","name":"R\u00e9f\u00e9rent qualit\u00e9 aide \u00e0 la personne | DOMIDOM","isPartOf":{"@id":"https:\/\/www.domidom.fr\/carriere\/#website"},"datePublished":"2025-05-19T08:42:11+00:00","dateModified":"2025-06-17T15:45:53+00:00","description":"D\u00e9couvrez le r\u00f4le du r\u00e9f\u00e9rent Qualit\u00e9 chez DOMIDOM, votre garant de la qualit\u00e9 des prestations d'aide \u00e0 domicile.","breadcrumb":{"@id":"https:\/\/www.domidom.fr\/carriere\/referent-qualite\/#breadcrumb"},"inLanguage":"fr-FR","potentialAction":[{"@type":"ReadAction","target":["https:\/\/www.domidom.fr\/carriere\/referent-qualite\/"]}]},{"@type":"BreadcrumbList","@id":"https:\/\/www.domidom.fr\/carriere\/referent-qualite\/#breadcrumb","itemListElement":[{"@type":"ListItem","position":1,"name":"Accueil","item":"https:\/\/www.domidom.fr\/carriere\/"},{"@type":"ListItem","position":2,"name":"R\u00e9f\u00e9rent qualit\u00e9"}]},{"@type":"WebSite","@id":"https:\/\/www.domidom.fr\/carriere\/#website","url":"https:\/\/www.domidom.fr\/carriere\/","name":"Espace marque employeur","description":"","potentialAction":[{"@type":"SearchAction","target":{"@type":"EntryPoint","urlTemplate":"https:\/\/www.domidom.fr\/carriere\/?s={search_term_string}"},"query-input":{"@type":"PropertyValueSpecification","valueRequired":true,"valueName":"search_term_string"}}],"inLanguage":"fr-FR"}]}},"_links":{"self":[{"href":"https:\/\/www.domidom.fr\/carriere\/wp-json\/wp\/v2\/pages\/2123","targetHints":{"allow":["GET"]}}],"collection":[{"href":"https:\/\/www.domidom.fr\/carriere\/wp-json\/wp\/v2\/pages"}],"about":[{"href":"https:\/\/www.domidom.fr\/carriere\/wp-json\/wp\/v2\/types\/page"}],"author":[{"embeddable":true,"href":"https:\/\/www.domidom.fr\/carriere\/wp-json\/wp\/v2\/users\/109"}],"replies":[{"embeddable":true,"href":"https:\/\/www.domidom.fr\/carriere\/wp-json\/wp\/v2\/comments?post=2123"}],"version-history":[{"count":3,"href":"https:\/\/www.domidom.fr\/carriere\/wp-json\/wp\/v2\/pages\/2123\/revisions"}],"predecessor-version":[{"id":2545,"href":"https:\/\/www.domidom.fr\/carriere\/wp-json\/wp\/v2\/pages\/2123\/revisions\/2545"}],"wp:attachment":[{"href":"https:\/\/www.domidom.fr\/carriere\/wp-json\/wp\/v2\/media?parent=2123"}],"curies":[{"name":"wp","href":"https:\/\/api.w.org\/{rel}","templated":true}]}}