{"id":2124,"date":"2025-05-19T10:42:22","date_gmt":"2025-05-19T08:42:22","guid":{"rendered":"https:\/\/domidom-2025.staging-env.fr\/carriere\/?page_id=2124"},"modified":"2025-06-25T14:37:59","modified_gmt":"2025-06-25T12:37:59","slug":"votre-integration","status":"publish","type":"page","link":"https:\/\/www.domidom.fr\/carriere\/votre-integration\/","title":{"rendered":"Votre int\u00e9gration"},"content":{"rendered":"  <!-- Cover edito -->\n  <section class=\"cover-edito\" data-id=\"6a07231f5077b\">\n    <img decoding=\"async\" class=\"cover-edito__image\" src=\"https:\/\/www.domidom.fr\/carriere\/wp-content\/uploads\/sites\/2\/2025\/05\/I2B9412-scaled-e1750346135173.jpg\" alt=\"domidom organisation\" fetchpriority=\"high\">\n    <div class=\"cover-edito__bg\"><\/div>\n    <div class=\"cover-edito__content\">\n      <h1 class=\"cover-edito__content--title\">Int\u00e9gration des nouveaux collaborateurs<\/h1>\n      <p class=\"cover-edito__content--subtitle\"><\/p>\n    <\/div>\n    <div class=\"cover-edito__border\"><\/div>\n  <\/section>\n\n\n\n\n  <section class=\"text-rich\">\n    <div class=\"u-container\">\n      <div class=\"u-grid\">\n        <div class=\"col-start-1 col-span-12\">\n          <div class=\"text-rich__text\">\n            <div class=\"titles w\"><h2 class=\"title\">Votre int\u00e9gration<\/h2><\/div>\n<h3 class=\"t-2b w\">Chez DOMIDOM, nous accordons une grande importance \u00e0 l\u2019int\u00e9gration des nouveaux collaborateurs.<\/h3>\n<p class=\"domicile-bottom2 est-de\">Ainsi, chaque nouvelle recrue b\u00e9n\u00e9ficie lors de son arriv\u00e9e d\u2019une int\u00e9gration collective en plus d\u2019une int\u00e9gration personnalis\u00e9e.<\/p>\n<p class=\"domicile-bottom2 est-de\">Lors de l\u2019int\u00e9gration collective, nos nouveaux collaborateurs suivent ensemble un parcours de formation afin de s\u2019impr\u00e9gner de<span style=\"color: #006744;\"><strong> notre expertise, notre savoir-faire, nos services,<\/strong><\/span> pour pouvoir nous accompagner dans le d\u00e9veloppement de notre entreprise.<\/p>\n<div class=\"rubriquetwo\">\n<p class=\"domicile-bottom2\">Lors de l\u2019int\u00e9gration individuelle, l\u2019objectif est de <span style=\"color: #006744;\"><strong>partager avec eux notre culture, nos valeurs, notre histoire<\/strong><\/span> et de leur donner toutes les ressources n\u00e9cessaires afin de laisser leurs talents s\u2019exprimer.<\/p>\n<p>Gr\u00e2ce \u00e0 sa connaissance du secteur sanitaire, son savoir-faire et sa qualit\u00e9 de services depuis plus de 20 ans, DOMIDOM est devenu un acteur majeur de la prise en charge de la d\u00e9pendance \u00e0 domicile.<\/p>\n<p>En interne, vous \u00eates forces de proposition et vous savez travailler en \u00e9quipe. Vous avez une fibre entrepreneuriale que vous souhaitez mettre au service d\u2019une entreprise dynamique.<\/p>\n<\/div>\n          <\/div>\n                  <\/div>\n      <\/div>\n    <\/div>\n  <\/section>\n\n\n\n\n  \n<!-- Content-image -->\n<section class=\"content-image  left\" data-id=\"6a07231f513aa\">\n  <div class=\"u-container\">\n    <div class=\"u-grid\">\n      <div class=\"col-start-1 col-span-12\">\n        <div class=\"content-image__wrapper\">\n                      <div class=\"content-image__image\">\n              <img decoding=\"async\" src=\"https:\/\/www.domidom.fr\/carriere\/wp-content\/uploads\/sites\/2\/2025\/05\/Portrait-salarie-3-scaled.jpg\" alt=\"Portrait salari\u00e9 domidom\" loading=\"lazy\">\n            <\/div>\n          \n          <div class=\"content-image__content\">\n            <p>Tous nos intervenants \u00e0 domicile sont <span style=\"color: #006744;\"><strong>qualifi\u00e9s et b\u00e9n\u00e9ficient de formations permanentes afin d\u2019approfondir leurs connaissances et d\u2019acqu\u00e9rir des comp\u00e9tences<\/strong><\/span> sp\u00e9cifiques pour offrir des prestations de qualit\u00e9.<\/p>\n                      <\/div>\n        <\/div>\n      <\/div>\n    <\/div>\n  <\/div>\n<\/section>\n\n\n\n\n  <section class=\"text-rich\">\n    <div class=\"u-container\">\n      <div class=\"u-grid\">\n        <div class=\"col-start-1 col-span-12\">\n          <div class=\"text-rich__text\">\n            <h3 class=\"t-2b w\">Au service de l\u2019exigence<\/h3>\n<p>Chez DOMIDOM <span style=\"color: #006744;\"><strong>le respect, l\u2019int\u00e9grit\u00e9, la proximit\u00e9 et la qualit\u00e9 du travail<\/strong> <\/span>font parties de nos valeurs et sont au centre de toute notre d\u00e9marche.<\/p>\n<p>Ce haut niveau d\u2019exigence est un gage de qualit\u00e9 qui passe par le savoir-faire de l\u2019ensemble des \u00e9quipes. <span style=\"color: #006744;\"><strong>Rejoindre DOMIDOM, c\u2019est avoir l\u2019opportunit\u00e9 de travailler dans un cadre dynamique et stimulant, au sein d\u2019une soci\u00e9t\u00e9 leader du secteur des services \u00e0 la personne.<\/strong><\/span><\/p>\n<p>C\u2019est aussi pouvoir d\u00e9velopper <span style=\"color: #006744;\"><strong>un parcours professionnel personnalis\u00e9<\/strong><\/span>, dans un cadre motivant, entour\u00e9 d\u2019experts, quel que soit votre m\u00e9tier et votre secteur g\u00e9ographique.<\/p>\n          <\/div>\n                  <\/div>\n      <\/div>\n    <\/div>\n  <\/section>\n\n\n\n\n  \n<!-- Content-image -->\n<section class=\"content-image  right\" data-id=\"6a07231f519f6\">\n  <div class=\"u-container\">\n    <div class=\"u-grid\">\n      <div class=\"col-start-1 col-span-12\">\n        <div class=\"content-image__wrapper\">\n                      <div class=\"content-image__image\">\n              <img decoding=\"async\" src=\"https:\/\/www.domidom.fr\/carriere\/wp-content\/uploads\/sites\/2\/2025\/05\/LOGO-OPTIDOM-2019-CMJN_Plan-de-travail-1.jpg\" alt=\"LOGO OPTIDOM 2019 CMJN_Plan de travail 1\" loading=\"lazy\">\n            <\/div>\n          \n          <div class=\"content-image__content\">\n            <p>Pour bien prendre en charge nos clients, nous devons commencer par bien prendre en charge nos collaborateurs. C\u2019est une conviction tr\u00e8s forte chez DOMIDOM. Chaque jour,<span style=\"color: #006744;\"><strong> DOMIDOM s\u2019engage \u00e0 mener une politique RH ax\u00e9e sur la qualit\u00e9 de vie au travail<\/strong><\/span> et contribue ainsi au bien-\u00eatre de ses collaborateurs pour qu\u2019ils puissent donner le meilleur d\u2019eux-m\u00eames.<\/p>\n                          <div class=\"content-image__link\">\n                \n  <div class=\"button bg-green text-white\">\n    <a class=\"button__link\" href=\"https:\/\/www.domidom.fr\/carriere\/prevention-des-risques-professionnels-reunions-et-app\/\" >\n      Pr\u00e9vention des risques professionnels, r\u00e9unions et APP    <\/a>\n  <\/div>\n              <\/div>\n                      <\/div>\n        <\/div>\n      <\/div>\n    <\/div>\n  <\/div>\n<\/section>\n\n\n\n\n<!-- Benefits -->\n<section class=\"benefits\" data-id=\"6a07231f52a9c\">\n  <div class=\"benefits__visual\">\n          <img decoding=\"async\" class=\"benefits__visual--image\" src=\"https:\/\/www.domidom.fr\/carriere\/wp-content\/uploads\/sites\/2\/2025\/05\/I2B9972-scaled.jpg\" alt=\"domidom equipe\" loading=\"lazy\">\n        <div class=\"benefits__visual--content\">\n          <\/div>\n  <\/div>\n  <div class=\"benefits__content\">\n    <div class=\"u-container\">\n      <div class=\"u-grid\">\n        <div class=\"col-start-1 col-span-12 md:col-span-7 lg:col-span-6 xl:col-span-4\">\n            <div class=\"titles u-border-l text-dark b-green\">\n    <h2 class=\"title \">\n      4 bonnes raisons de postuler chez DOMIDOM    <\/h2>\n          <p class=\"subtitle \">Nous rejoindre, c\u2019est travailler au sein d\u2019une soci\u00e9t\u00e9 humaine qui :<\/p>\n      <\/div>\n        <\/div>\n      <\/div>\n      <div class=\"u-grid\">\n        <div class=\"col-start-1 col-span-12\">\n          <div class=\"benefits__content--cards\">\n            <div class=\"grid grid-cols-1 gap-10 md:grid-cols-2 md:gap-20 lg:grid-cols-4\">\n                                                <div class=\"card-benefit\">\n    <div class=\"card-benefit__wrapper\">\n            <div class=\"card-benefit__content\">\n        <h3 class=\"card-benefit__content--title\">Favorise<\/h3>\n        <p class=\"card-benefit__content--description\">la diversit\u00e9 et la mixit\u00e9<\/p>\n      <\/div>\n    <\/div>\n  <\/div>\n                                                <div class=\"card-benefit\">\n    <div class=\"card-benefit__wrapper\">\n            <div class=\"card-benefit__content\">\n        <h3 class=\"card-benefit__content--title\">Int\u00e8gre<\/h3>\n        <p class=\"card-benefit__content--description\">chaque nouveau collaborateur pour une prise de poste optimale<\/p>\n      <\/div>\n    <\/div>\n  <\/div>\n                                                <div class=\"card-benefit\">\n    <div class=\"card-benefit__wrapper\">\n            <div class=\"card-benefit__content\">\n        <h3 class=\"card-benefit__content--title\">Pr\u00e9serve<\/h3>\n        <p class=\"card-benefit__content--description\">l\u2019\u00e9quilibre vie priv\u00e9e \/ vie professionnelle<\/p>\n      <\/div>\n    <\/div>\n  <\/div>\n                                                <div class=\"card-benefit\">\n    <div class=\"card-benefit__wrapper\">\n            <div class=\"card-benefit__content\">\n        <h3 class=\"card-benefit__content--title\">Contribue<\/h3>\n        <p class=\"card-benefit__content--description\">au d\u00e9veloppement des comp\u00e9tences et fait confiance \u00e0 chacun des collaborateurs pour laisser leurs talents s\u2019exprimer.<\/p>\n      <\/div>\n    <\/div>\n  <\/div>\n                          <\/div>\n          <\/div>\n        <\/div>\n      <\/div>\n      <!-- Visual mobile -->\n      <div class=\"benefits__visual-m\">\n                  <img decoding=\"async\" class=\"benefits__visual-m--image\" src=\"https:\/\/www.domidom.fr\/carriere\/wp-content\/uploads\/sites\/2\/2025\/05\/I2B9972-scaled.jpg\" alt=\"domidom equipe\" loading=\"lazy\">\n                      <\/div>\n    <\/div>\n  <\/div>\n<\/section>\n  \n\n\n\n\n<!-- Cross pages -->\n<section class=\"cross-pages\" data-id=\"6a07231f54692\">\n  <div class=\"u-container\">\n          <div class=\"cross-pages__titles\">\n        <div class=\"u-grid\">\n          <div class=\"col-start-1 col-span-12 lg:col-span-5 two-columns\">\n              <div class=\"titles \">\n    <h2 class=\"title \">\n      D\u00e9couvrir DOMIDOM    <\/h2>\n      <\/div>\n          <\/div>\n        <\/div>\n      <\/div>\n        <div class=\"cross-pages__wrapper\">\n                        <a class=\"card-page\" href=\"https:\/\/www.domidom.fr\/carriere\/formation\/\" >\n    <div class=\"card-page__wrapper\">\n              <img decoding=\"async\" class=\"card-page__image\" src=\"https:\/\/www.domidom.fr\/carriere\/wp-content\/uploads\/sites\/2\/2025\/05\/GettyImages-1160185814-scaled-e1750346171701.jpg\" alt=\"domidom formation\" loading=\"lazy\">\n            <div class=\"card-page__content\">\n        <div>\n          <h3 class=\"card-page__content--title\">Formation<\/h3>\n          <p class=\"card-page__content--subtitle\">La formation au service de la qualit\u00e9 de nos prestations DOMIDOM.<\/p>\n        <\/div>\n        <div class=\"card-page__content--arrow\"><svg width=\"24\" height=\"25\" viewBox=\"0 0 24 25\" fill=\"none\" xmlns=\"http:\/\/www.w3.org\/2000\/svg\">\n<path d=\"M16.0002 8.30383L19.293 11.5967C19.6836 11.9873 19.6836 12.6204 19.293 13.0109L16.0001 16.3038M19.0001 12.3038L5.00015 12.3038\" stroke=\"#E5004C\" stroke-width=\"1.5\" stroke-linecap=\"round\"\/>\n<\/svg>\n<\/div>\n      <\/div>\n    <\/div>\n  <\/a>\n                        <a class=\"card-page\" href=\"https:\/\/www.domidom.fr\/carriere\/prevention-des-risques-professionnels-reunions-et-app\/\" >\n    <div class=\"card-page__wrapper\">\n              <img decoding=\"async\" class=\"card-page__image\" src=\"https:\/\/www.domidom.fr\/carriere\/wp-content\/uploads\/sites\/2\/2025\/05\/I2B0006_2-scaled-e1750346071269.jpg\" alt=\"domidom prevention risques professionnels reunions et app 2\" loading=\"lazy\">\n            <div class=\"card-page__content\">\n        <div>\n          <h3 class=\"card-page__content--title\">Pr\u00e9vention des risques professionnels, r\u00e9unions et APP<\/h3>\n          <p class=\"card-page__content--subtitle\">DOMIDOM est engag\u00e9 dans une d\u00e9marche participative et dynamique de pr\u00e9vention des risques professionnels et d\u2019am\u00e9lioration des conditions de travail de ses salari\u00e9s.<\/p>\n        <\/div>\n        <div class=\"card-page__content--arrow\"><svg width=\"24\" height=\"25\" viewBox=\"0 0 24 25\" fill=\"none\" xmlns=\"http:\/\/www.w3.org\/2000\/svg\">\n<path d=\"M16.0002 8.30383L19.293 11.5967C19.6836 11.9873 19.6836 12.6204 19.293 13.0109L16.0001 16.3038M19.0001 12.3038L5.00015 12.3038\" stroke=\"#E5004C\" stroke-width=\"1.5\" stroke-linecap=\"round\"\/>\n<\/svg>\n<\/div>\n      <\/div>\n    <\/div>\n  <\/a>\n                        <a class=\"card-page\" href=\"https:\/\/www.domidom.fr\/carriere\/notre-mission-culture-nos-engagements\/\" >\n    <div class=\"card-page__wrapper\">\n              <img decoding=\"async\" class=\"card-page__image\" src=\"https:\/\/www.domidom.fr\/carriere\/wp-content\/uploads\/sites\/2\/2025\/05\/I2B9043-scaled.jpg\" alt=\"domidom aide domicile aide interieur\" loading=\"lazy\">\n            <div class=\"card-page__content\">\n        <div>\n          <h3 class=\"card-page__content--title\">Notre mission, culture, nos engagements<\/h3>\n          <p class=\"card-page__content--subtitle\">Chaque jour, DOMIDOM s\u2019engage \u00e0 mener une politique RH ax\u00e9e sur la qualit\u00e9 de vie au travail et contribue ainsi au bien-\u00eatre de ses collaborateurs pour qu\u2019ils puissent donner le meilleur d\u2019eux-m\u00eames.<\/p>\n        <\/div>\n        <div class=\"card-page__content--arrow\"><svg width=\"24\" height=\"25\" viewBox=\"0 0 24 25\" fill=\"none\" xmlns=\"http:\/\/www.w3.org\/2000\/svg\">\n<path d=\"M16.0002 8.30383L19.293 11.5967C19.6836 11.9873 19.6836 12.6204 19.293 13.0109L16.0001 16.3038M19.0001 12.3038L5.00015 12.3038\" stroke=\"#E5004C\" stroke-width=\"1.5\" stroke-linecap=\"round\"\/>\n<\/svg>\n<\/div>\n      <\/div>\n    <\/div>\n  <\/a>\n          <\/div>\n  <\/div>\n<\/section>\n","protected":false},"excerpt":{"rendered":"","protected":false},"author":109,"featured_media":0,"parent":0,"menu_order":0,"comment_status":"closed","ping_status":"closed","template":"tpl-edito.php","meta":{"_acf_changed":false,"footnotes":""},"class_list":["post-2124","page","type-page","status-publish","hentry"],"acf":[],"yoast_head":"<!-- This site is optimized with the Yoast SEO plugin v25.9 - https:\/\/yoast.com\/wordpress\/plugins\/seo\/ -->\n<title>Int\u00e9gration des nouveaux collaborateurs | DOMIDOM<\/title>\n<meta name=\"description\" content=\"Vous souhaitez rejoindre DOMIDOM ? D\u00e9couvrez le parcours d&#039;int\u00e9gration de nouveaux arrivants.\" \/>\n<meta name=\"robots\" content=\"index, follow, max-snippet:-1, max-image-preview:large, max-video-preview:-1\" \/>\n<link rel=\"canonical\" href=\"https:\/\/www.domidom.fr\/carriere\/votre-integration\/\" \/>\n<meta property=\"og:locale\" content=\"fr_FR\" \/>\n<meta property=\"og:type\" content=\"article\" \/>\n<meta property=\"og:title\" content=\"Int\u00e9gration des nouveaux collaborateurs | DOMIDOM\" \/>\n<meta property=\"og:description\" content=\"Vous souhaitez rejoindre DOMIDOM ? D\u00e9couvrez le parcours d&#039;int\u00e9gration de nouveaux arrivants.\" \/>\n<meta property=\"og:url\" content=\"https:\/\/www.domidom.fr\/carriere\/votre-integration\/\" \/>\n<meta property=\"og:site_name\" content=\"Espace marque employeur\" \/>\n<meta property=\"article:modified_time\" content=\"2025-06-25T12:37:59+00:00\" \/>\n<meta name=\"twitter:card\" content=\"summary_large_image\" \/>\n<script type=\"application\/ld+json\" class=\"yoast-schema-graph\">{\"@context\":\"https:\/\/schema.org\",\"@graph\":[{\"@type\":\"WebPage\",\"@id\":\"https:\/\/www.domidom.fr\/carriere\/votre-integration\/\",\"url\":\"https:\/\/www.domidom.fr\/carriere\/votre-integration\/\",\"name\":\"Int\u00e9gration des nouveaux collaborateurs | DOMIDOM\",\"isPartOf\":{\"@id\":\"https:\/\/www.domidom.fr\/carriere\/#website\"},\"datePublished\":\"2025-05-19T08:42:22+00:00\",\"dateModified\":\"2025-06-25T12:37:59+00:00\",\"description\":\"Vous souhaitez rejoindre DOMIDOM ? D\u00e9couvrez le parcours d'int\u00e9gration de nouveaux arrivants.\",\"breadcrumb\":{\"@id\":\"https:\/\/www.domidom.fr\/carriere\/votre-integration\/#breadcrumb\"},\"inLanguage\":\"fr-FR\",\"potentialAction\":[{\"@type\":\"ReadAction\",\"target\":[\"https:\/\/www.domidom.fr\/carriere\/votre-integration\/\"]}]},{\"@type\":\"BreadcrumbList\",\"@id\":\"https:\/\/www.domidom.fr\/carriere\/votre-integration\/#breadcrumb\",\"itemListElement\":[{\"@type\":\"ListItem\",\"position\":1,\"name\":\"Accueil\",\"item\":\"https:\/\/www.domidom.fr\/carriere\/\"},{\"@type\":\"ListItem\",\"position\":2,\"name\":\"Votre int\u00e9gration\"}]},{\"@type\":\"WebSite\",\"@id\":\"https:\/\/www.domidom.fr\/carriere\/#website\",\"url\":\"https:\/\/www.domidom.fr\/carriere\/\",\"name\":\"Espace marque employeur\",\"description\":\"\",\"potentialAction\":[{\"@type\":\"SearchAction\",\"target\":{\"@type\":\"EntryPoint\",\"urlTemplate\":\"https:\/\/www.domidom.fr\/carriere\/?s={search_term_string}\"},\"query-input\":{\"@type\":\"PropertyValueSpecification\",\"valueRequired\":true,\"valueName\":\"search_term_string\"}}],\"inLanguage\":\"fr-FR\"}]}<\/script>\n<!-- \/ Yoast SEO plugin. -->","yoast_head_json":{"title":"Int\u00e9gration des nouveaux collaborateurs | DOMIDOM","description":"Vous souhaitez rejoindre DOMIDOM ? D\u00e9couvrez le parcours d'int\u00e9gration de nouveaux arrivants.","robots":{"index":"index","follow":"follow","max-snippet":"max-snippet:-1","max-image-preview":"max-image-preview:large","max-video-preview":"max-video-preview:-1"},"canonical":"https:\/\/www.domidom.fr\/carriere\/votre-integration\/","og_locale":"fr_FR","og_type":"article","og_title":"Int\u00e9gration des nouveaux collaborateurs | DOMIDOM","og_description":"Vous souhaitez rejoindre DOMIDOM ? D\u00e9couvrez le parcours d'int\u00e9gration de nouveaux arrivants.","og_url":"https:\/\/www.domidom.fr\/carriere\/votre-integration\/","og_site_name":"Espace marque employeur","article_modified_time":"2025-06-25T12:37:59+00:00","twitter_card":"summary_large_image","schema":{"@context":"https:\/\/schema.org","@graph":[{"@type":"WebPage","@id":"https:\/\/www.domidom.fr\/carriere\/votre-integration\/","url":"https:\/\/www.domidom.fr\/carriere\/votre-integration\/","name":"Int\u00e9gration des nouveaux collaborateurs | DOMIDOM","isPartOf":{"@id":"https:\/\/www.domidom.fr\/carriere\/#website"},"datePublished":"2025-05-19T08:42:22+00:00","dateModified":"2025-06-25T12:37:59+00:00","description":"Vous souhaitez rejoindre DOMIDOM ? D\u00e9couvrez le parcours d'int\u00e9gration de nouveaux arrivants.","breadcrumb":{"@id":"https:\/\/www.domidom.fr\/carriere\/votre-integration\/#breadcrumb"},"inLanguage":"fr-FR","potentialAction":[{"@type":"ReadAction","target":["https:\/\/www.domidom.fr\/carriere\/votre-integration\/"]}]},{"@type":"BreadcrumbList","@id":"https:\/\/www.domidom.fr\/carriere\/votre-integration\/#breadcrumb","itemListElement":[{"@type":"ListItem","position":1,"name":"Accueil","item":"https:\/\/www.domidom.fr\/carriere\/"},{"@type":"ListItem","position":2,"name":"Votre int\u00e9gration"}]},{"@type":"WebSite","@id":"https:\/\/www.domidom.fr\/carriere\/#website","url":"https:\/\/www.domidom.fr\/carriere\/","name":"Espace marque employeur","description":"","potentialAction":[{"@type":"SearchAction","target":{"@type":"EntryPoint","urlTemplate":"https:\/\/www.domidom.fr\/carriere\/?s={search_term_string}"},"query-input":{"@type":"PropertyValueSpecification","valueRequired":true,"valueName":"search_term_string"}}],"inLanguage":"fr-FR"}]}},"_links":{"self":[{"href":"https:\/\/www.domidom.fr\/carriere\/wp-json\/wp\/v2\/pages\/2124","targetHints":{"allow":["GET"]}}],"collection":[{"href":"https:\/\/www.domidom.fr\/carriere\/wp-json\/wp\/v2\/pages"}],"about":[{"href":"https:\/\/www.domidom.fr\/carriere\/wp-json\/wp\/v2\/types\/page"}],"author":[{"embeddable":true,"href":"https:\/\/www.domidom.fr\/carriere\/wp-json\/wp\/v2\/users\/109"}],"replies":[{"embeddable":true,"href":"https:\/\/www.domidom.fr\/carriere\/wp-json\/wp\/v2\/comments?post=2124"}],"version-history":[{"count":3,"href":"https:\/\/www.domidom.fr\/carriere\/wp-json\/wp\/v2\/pages\/2124\/revisions"}],"predecessor-version":[{"id":2574,"href":"https:\/\/www.domidom.fr\/carriere\/wp-json\/wp\/v2\/pages\/2124\/revisions\/2574"}],"wp:attachment":[{"href":"https:\/\/www.domidom.fr\/carriere\/wp-json\/wp\/v2\/media?parent=2124"}],"curies":[{"name":"wp","href":"https:\/\/api.w.org\/{rel}","templated":true}]}}