{"id":2133,"date":"2025-05-19T10:45:26","date_gmt":"2025-05-19T08:45:26","guid":{"rendered":"https:\/\/domidom-2025.staging-env.fr\/carriere\/?page_id=2133"},"modified":"2025-06-25T14:36:24","modified_gmt":"2025-06-25T12:36:24","slug":"auxiliaire-de-vie","status":"publish","type":"page","link":"https:\/\/www.domidom.fr\/carriere\/auxiliaire-de-vie\/","title":{"rendered":"Auxiliaire de vie"},"content":{"rendered":"  <!-- Cover edito -->\n  <section class=\"cover-edito\" data-id=\"6a04ac941868d\">\n    <img decoding=\"async\" class=\"cover-edito__image\" src=\"https:\/\/www.domidom.fr\/carriere\/wp-content\/uploads\/sites\/2\/2025\/05\/Aide-a-domicile-scaled-e1750346399127.jpg\" alt=\"Auxiliaire de vie - DOMIDOM\" fetchpriority=\"high\">\n    <div class=\"cover-edito__bg\"><\/div>\n    <div class=\"cover-edito__content\">\n      <h1 class=\"cover-edito__content--title\">Auxiliaire de vie \u00e0 domicile<\/h1>\n      <p class=\"cover-edito__content--subtitle\">Fiche M\u00e9tier<\/p>\n    <\/div>\n    <div class=\"cover-edito__border\"><\/div>\n  <\/section>\n\n\n\n\n  <section class=\"text-rich\">\n    <div class=\"u-container\">\n      <div class=\"u-grid\">\n        <div class=\"col-start-1 col-span-12\">\n          <div class=\"text-rich__text\">\n            <div class=\"titles w\"><h2 class=\"title\">Le poste<\/h2><\/div>\n<p>\u00catre Assistant de vie chez DOMIDOM, c\u2019est <span style=\"color: #006744;\"><strong>\u00eatre capable d\u2019apporter son sourire au domicile des personnes d\u00e9pendantes<\/strong><\/span>\u00a0! Nous recrutons des v\u00e9ritables professionnelles, ayant des comp\u00e9tences techniques mais \u00e9galement un savoir-\u00eatre pouvant r\u00e9pondre aux attentes de nos clients.<\/p>\n<p>&nbsp;<\/p>\n<p>Votre r\u00f4le en tant qu\u2019Assistant(e) de Vie, sera de <span style=\"color: #006744;\"><strong>prendre en charge la d\u00e9pendance<\/strong><\/span>. Votre fonction principale consistera \u00e0 <span style=\"color: #006744;\"><strong>accompagner les personnes en perte d\u2019autonomie<\/strong><\/span> (personnes \u00e2g\u00e9es ou situation d\u2019handicap) dans les actes de la vie courante, tout en \u00e9tant un <span style=\"color: #006744;\"><strong>v\u00e9ritable vecteur d\u2019information<\/strong><\/span> entre les clients et le ou la responsable d\u2019agence.<\/p>\n<p>&nbsp;<\/p>\n<p><span style=\"color: #b3a177;\"><strong>Vous apporterez votre aide selon les besoins de chaque client :<\/strong><\/span><\/p>\n<ul>\n<li>Aide \u00e0 l\u2019hygi\u00e8ne<\/li>\n<li>Aide aux repas<\/li>\n<li>Courses<\/li>\n<li>Transferts<\/li>\n<li>Sortie<\/li>\n<li>Entretien de la maison<\/li>\n<\/ul>\n<p>&nbsp;<\/p>\n<h3 class=\"t-2b w\">Votre quotidien<\/h3>\n<p>Vous serez rattach\u00e9 \u00e0 l\u2019agence DOMIDOM la plus proche de chez vous et interviendrez sur un secteur g\u00e9ographique pr\u00e9d\u00e9fini. Travailler chez DOMIDOM, c\u2019est la garantie de\u00a0:<\/p>\n<ul>\n<li>Avoir un contrat CDI<\/li>\n<li>B\u00e9n\u00e9ficier d\u2019une int\u00e9gration individuelle et collective<\/li>\n<li>Travailler \u00e0 proximit\u00e9 de son domicile<\/li>\n<li>Travailler selon ses disponibilit\u00e9s<\/li>\n<li>\u00catre form\u00e9 tout au long de son parcours professionnel<\/li>\n<li>Poss\u00e9der tout le mat\u00e9riel professionnel n\u00e9cessaire<\/li>\n<li>Avoir un lien de confiance avec son \u00e9quipe<\/li>\n<\/ul>\n<p>Vous interviendrez selon votre planning au domicile des clients. <span style=\"color: #006744;\"><strong>Autonome et responsable<\/strong><\/span>, vous organiserez votre travail selon les consignes et le temps n\u00e9cessaire qui auront \u00e9t\u00e9 pr\u00e9alablement d\u00e9finies.<\/p>\n<h3 class=\"t-2b w\"><\/h3>\n<h3 class=\"t-2b w\">Pr\u00e9requis<\/h3>\n<ul>\n<li>Dipl\u00f4me niveau V dans le secteur m\u00e9dico-social (ADVF, BAC PRO\u2026)<\/li>\n<li>Savoir \u00eatre professionnel<\/li>\n<li>Maitrise du fran\u00e7ais \u00e0 l\u2019\u00e9crit \/ oral<\/li>\n<\/ul>\n<p>&nbsp;<\/p>\n<p>&nbsp;<\/p>\n<p><span style=\"color: #b3a177;\"><em><strong>D\u00e9couvrez le m\u00e9tier d\u2019Auxiliaire de vie chez DOMIDOM ci-dessous :<\/strong><\/em><\/span><\/p>\n          <\/div>\n                  <\/div>\n      <\/div>\n    <\/div>\n  <\/section>\n\n\n\n\n\n<!-- VISUEL LARGE -->\n<section class=\"wide-visual\" data-id=\"6a04ac9418d51\">\n            <div class=\"relative w-full\">\n        <div data-poster=\"\" data-plyr-provider=\"youtube\" data-plyr-embed-id=\"https:\/\/www.youtube.com\/watch?v=ZYaFJjCCwPg\" class=\"plyr-player absolute top-0 left-0 w-full h-full object-cover\"><\/div>\n      <\/div>\n      <\/section>\n\n\n\n  \n<!-- FAQ -->\n<section class=\"faq faq-title\" data-id=\"6a04ac941987c\">\n  <div class=\"u-container lg:py-60 2xl:py-80\">\n    <div class=\"u-grid\">\n      <div class=\"col-start-1 col-span-12 lg:col-start-1 lg:col-span-5\">\n          <div class=\"titles \">\n    <h2 class=\"title \">\n      En savoir +    <\/h2>\n      <\/div>\n      <\/div>\n      <div class=\"col-start-1 col-span-12 lg:col-start-6 lg:col-span-5\">\n        <div class=\"faq__wrapper\">\n                      <div class=\"item\">\n              <div class=\"item__top\">\n                <h3 class=\"title t-4\">Quelles sont les limites du m\u00e9tier d&rsquo;Auxiliaire de Vie ?<\/h3>\n                <span class=\"arrow size-6 w-max\"><svg width=\"10\" height=\"19\" viewBox=\"0 0 10 19\" fill=\"none\" xmlns=\"http:\/\/www.w3.org\/2000\/svg\">\n<path d=\"M9 17.3038L2.27279 10.5766C1.7425 10.0463 1.47735 9.78119 1.42653 9.46027C1.41011 9.35662 1.41011 9.25104 1.42653 9.1474C1.47735 8.82648 1.7425 8.56133 2.27279 8.03104L9 1.30383\" stroke=\"white\" stroke-width=\"1.5\" stroke-linecap=\"round\" stroke-linejoin=\"round\"\/>\n<\/svg>\n<\/span>\n              <\/div>\n              <div class=\"item__content\">\n                <p>L&rsquo;Auxiliaire de Vie n\u2019est pas habilit\u00e9(e) \u00e0 r\u00e9aliser des actes infirmiers, il\/elle ne peut donc pas :<\/p>\n<ul>\n<li>pr\u00e9parer un pilulier<\/li>\n<li>changer ou vider une poche urinaire<\/li>\n<li>appliquer un gel anti-inflammatoire<\/li>\n<li>couper les ongles, raser manuellement<\/li>\n<li>effectuer un soin de bouche non m\u00e9dicamenteux<\/li>\n<\/ul>\n<p>Cette liste n\u2019est pas exhaustive, votre agence est \u00e0 votre disposition pour un compl\u00e9ment d\u2019information.<\/p>\n              <\/div>\n            <\/div>\n                  <\/div>\n              <\/div>\n    <\/div>\n  <\/div>\n<\/section>\n\n\n  <!-- Banner -->\n  <section class=\"banner\" data-id=\"6a04ac941a443\">\n    <div class=\"u-container\">\n      <div class=\"u-grid\">\n        <div class=\"col-start-1 col-span-12 lg:col-start-1 lg:col-span-11\">\n            <div class=\"c-banner image\">\n    <div class=\"c-banner__bg\"><svg width=\"31\" height=\"28\" viewBox=\"0 0 31 28\" fill=\"none\" xmlns=\"http:\/\/www.w3.org\/2000\/svg\">\n<g id=\"Group 1000001674\">\n<path id=\"Vector\" d=\"M14.9495 27.1208C14.2727 27.1208 13.6206 26.9751 13.0123 26.688L0 20.7048V17.8072C0 16.4736 0.678333 15.3002 1.72719 14.8193L5.71111 12.9813C6.71037 12.5222 7.80883 12.5222 8.80664 12.9813L20.2507 18.2445L22.6563 17.1367C23.9604 16.5348 25.4221 16.475 26.77 16.972C28.1179 17.4691 29.1916 18.4602 29.7941 19.7647L30.1675 20.5736L16.881 26.6952C16.28 26.9795 15.6279 27.1238 14.951 27.1238L14.9495 27.1208ZM1.78117 19.5635L13.765 25.0745C14.5177 25.4301 15.3886 25.4257 16.1268 25.0788L27.7036 19.7457C27.301 19.2487 26.7715 18.8668 26.1559 18.6409C25.2543 18.3086 24.2784 18.3479 23.4061 18.7517L16.8722 21.7615C15.7183 22.3066 14.3325 22.3328 13.145 21.8212L7.46602 19.272C7.01672 19.0709 6.81686 18.5433 7.01818 18.0958C7.21949 17.6469 7.74756 17.4472 8.19541 17.6483L13.8628 20.1917C14.5571 20.4905 15.4105 20.4818 16.1195 20.148L18.1253 19.2239L8.06558 14.5977C7.54042 14.3558 6.98462 14.3558 6.46092 14.5977L2.477 16.4357C2.07001 16.6222 1.78554 17.1863 1.78554 17.8072V19.565L1.78117 19.5635Z\" fill=\"#006744\"\/>\n<path id=\"Vector_2\" d=\"M5.25743 10.4855C4.63016 10.4855 4.00288 10.3747 3.39603 10.1517C2.04812 9.6547 0.974463 8.66358 0.371989 7.35909L0 6.55016L13.2865 0.429972C13.8876 0.145753 14.5396 0 15.2165 0H15.2355C15.9123 0 16.5644 0.145753 17.1727 0.432888L30.452 6.55161L30.08 7.36055C29.479 8.66504 28.4038 9.65762 27.0559 10.1532C25.708 10.6487 24.2463 10.5904 22.9407 9.98848L16.4083 6.98013C15.6556 6.62595 14.7847 6.62886 14.048 6.97721L7.50832 9.98994C6.79061 10.3223 6.02475 10.4884 5.25597 10.4884L5.25743 10.4855ZM2.46387 7.37658C2.8665 7.8736 3.39603 8.25547 4.01164 8.48139C4.91316 8.81225 5.88908 8.77435 6.76289 8.37062L13.2968 5.36081C13.8978 5.07659 14.5498 4.93229 15.2267 4.93229C15.9036 4.93229 16.5557 5.07805 17.164 5.36518L23.6891 8.37062C24.5629 8.77435 25.5403 8.81371 26.4403 8.48139C27.0559 8.25401 27.5869 7.8736 27.9881 7.37658L16.4185 2.04638C16.0422 1.86856 15.6468 1.78111 15.234 1.78111H15.215C14.8037 1.78111 14.4069 1.87002 14.0378 2.04346L2.46096 7.37658H2.46387Z\" fill=\"#006744\"\/>\n<\/g>\n<\/svg>\n<\/div>\n          <div class=\"c-banner__image\">\n        <img decoding=\"async\" src=\"https:\/\/www.domidom.fr\/carriere\/wp-content\/uploads\/sites\/2\/2025\/05\/I2B7961-1-scaled.jpg\" alt=\"domidom aide domicile aide cuisine\" loading=\"lazy\">\n      <\/div>\n      <div class=\"c-banner__wrapper\">\n                    <div class=\"c-banner__suptitle\">Envie de faire partie d\u2019une aventure riche et humaine\u00a0?<\/div>\n            <div class=\"c-banner__content\">\n          <div class=\"titles u-border\">\n    <div class=\"title \">\n      Rejoignez nous\u00a0!    <\/div>\n      <\/div>\n        <div class=\"c-banner__links\">\n                                    <div class=\"link\">\n                \n  <div class=\"button anim-green outline outline-2 outline-green text-green\">\n    <a class=\"button__link\" href=\"https:\/\/www.domidom.fr\/carriere\/offres-emplois\/?job=auxiliaire-de-vie-h-f&#038;department=\" target=\"_blank\">\n      Nos offres &quot;Auxiliaire de vie&quot;    <\/a>\n  <\/div>\n              <\/div>\n                                                <div class=\"link\">\n                \n  <div class=\"button anim-green outline outline-2 outline-green text-green\">\n    <a class=\"button__link\" href=\"https:\/\/www.domidom.fr\/carriere\/offres-emplois\/\" target=\"_blank\">\n      Toutes nos offres d&#039;emploi    <\/a>\n  <\/div>\n              <\/div>\n                              <\/div>\n      <\/div>\n              <div>\n                <\/div>\n              <\/div>\n      <\/div>\n    <\/div>\n  <\/section>\n","protected":false},"excerpt":{"rendered":"","protected":false},"author":109,"featured_media":0,"parent":0,"menu_order":0,"comment_status":"closed","ping_status":"closed","template":"tpl-edito.php","meta":{"_acf_changed":false,"footnotes":""},"class_list":["post-2133","page","type-page","status-publish","hentry"],"acf":[],"yoast_head":"<!-- This site is optimized with the Yoast SEO plugin v25.9 - https:\/\/yoast.com\/wordpress\/plugins\/seo\/ -->\n<title>Auxiliaire de vie : la fiche m\u00e9tier - DOMIDOM<\/title>\n<meta name=\"description\" content=\"D\u00e9couvrez le m\u00e9tier d&#039;Auxiliaire de vie en agence d&#039;aide \u00e0 domicile ! DOMIDOM recrute et forme, que vous soyez exp\u00e9riment\u00e9 ou en besoin de formation.\" \/>\n<meta name=\"robots\" content=\"index, follow, max-snippet:-1, max-image-preview:large, max-video-preview:-1\" \/>\n<link rel=\"canonical\" href=\"https:\/\/www.domidom.fr\/carriere\/auxiliaire-de-vie\/\" \/>\n<meta property=\"og:locale\" content=\"fr_FR\" \/>\n<meta property=\"og:type\" content=\"article\" \/>\n<meta property=\"og:title\" content=\"Auxiliaire de vie : la fiche m\u00e9tier - DOMIDOM\" \/>\n<meta property=\"og:description\" content=\"D\u00e9couvrez le m\u00e9tier d&#039;Auxiliaire de vie en agence d&#039;aide \u00e0 domicile ! DOMIDOM recrute et forme, que vous soyez exp\u00e9riment\u00e9 ou en besoin de formation.\" \/>\n<meta property=\"og:url\" content=\"https:\/\/www.domidom.fr\/carriere\/auxiliaire-de-vie\/\" \/>\n<meta property=\"og:site_name\" content=\"Espace marque employeur\" \/>\n<meta property=\"article:modified_time\" content=\"2025-06-25T12:36:24+00:00\" \/>\n<meta name=\"twitter:card\" content=\"summary_large_image\" \/>\n<script type=\"application\/ld+json\" class=\"yoast-schema-graph\">{\"@context\":\"https:\/\/schema.org\",\"@graph\":[{\"@type\":\"WebPage\",\"@id\":\"https:\/\/www.domidom.fr\/carriere\/auxiliaire-de-vie\/\",\"url\":\"https:\/\/www.domidom.fr\/carriere\/auxiliaire-de-vie\/\",\"name\":\"Auxiliaire de vie : la fiche m\u00e9tier - DOMIDOM\",\"isPartOf\":{\"@id\":\"https:\/\/www.domidom.fr\/carriere\/#website\"},\"datePublished\":\"2025-05-19T08:45:26+00:00\",\"dateModified\":\"2025-06-25T12:36:24+00:00\",\"description\":\"D\u00e9couvrez le m\u00e9tier d'Auxiliaire de vie en agence d'aide \u00e0 domicile ! DOMIDOM recrute et forme, que vous soyez exp\u00e9riment\u00e9 ou en besoin de formation.\",\"breadcrumb\":{\"@id\":\"https:\/\/www.domidom.fr\/carriere\/auxiliaire-de-vie\/#breadcrumb\"},\"inLanguage\":\"fr-FR\",\"potentialAction\":[{\"@type\":\"ReadAction\",\"target\":[\"https:\/\/www.domidom.fr\/carriere\/auxiliaire-de-vie\/\"]}]},{\"@type\":\"BreadcrumbList\",\"@id\":\"https:\/\/www.domidom.fr\/carriere\/auxiliaire-de-vie\/#breadcrumb\",\"itemListElement\":[{\"@type\":\"ListItem\",\"position\":1,\"name\":\"Accueil\",\"item\":\"https:\/\/www.domidom.fr\/carriere\/\"},{\"@type\":\"ListItem\",\"position\":2,\"name\":\"Auxiliaire de vie\"}]},{\"@type\":\"WebSite\",\"@id\":\"https:\/\/www.domidom.fr\/carriere\/#website\",\"url\":\"https:\/\/www.domidom.fr\/carriere\/\",\"name\":\"Espace marque employeur\",\"description\":\"\",\"potentialAction\":[{\"@type\":\"SearchAction\",\"target\":{\"@type\":\"EntryPoint\",\"urlTemplate\":\"https:\/\/www.domidom.fr\/carriere\/?s={search_term_string}\"},\"query-input\":{\"@type\":\"PropertyValueSpecification\",\"valueRequired\":true,\"valueName\":\"search_term_string\"}}],\"inLanguage\":\"fr-FR\"}]}<\/script>\n<!-- \/ Yoast SEO plugin. -->","yoast_head_json":{"title":"Auxiliaire de vie : la fiche m\u00e9tier - DOMIDOM","description":"D\u00e9couvrez le m\u00e9tier d'Auxiliaire de vie en agence d'aide \u00e0 domicile ! DOMIDOM recrute et forme, que vous soyez exp\u00e9riment\u00e9 ou en besoin de formation.","robots":{"index":"index","follow":"follow","max-snippet":"max-snippet:-1","max-image-preview":"max-image-preview:large","max-video-preview":"max-video-preview:-1"},"canonical":"https:\/\/www.domidom.fr\/carriere\/auxiliaire-de-vie\/","og_locale":"fr_FR","og_type":"article","og_title":"Auxiliaire de vie : la fiche m\u00e9tier - DOMIDOM","og_description":"D\u00e9couvrez le m\u00e9tier d'Auxiliaire de vie en agence d'aide \u00e0 domicile ! DOMIDOM recrute et forme, que vous soyez exp\u00e9riment\u00e9 ou en besoin de formation.","og_url":"https:\/\/www.domidom.fr\/carriere\/auxiliaire-de-vie\/","og_site_name":"Espace marque employeur","article_modified_time":"2025-06-25T12:36:24+00:00","twitter_card":"summary_large_image","schema":{"@context":"https:\/\/schema.org","@graph":[{"@type":"WebPage","@id":"https:\/\/www.domidom.fr\/carriere\/auxiliaire-de-vie\/","url":"https:\/\/www.domidom.fr\/carriere\/auxiliaire-de-vie\/","name":"Auxiliaire de vie : la fiche m\u00e9tier - DOMIDOM","isPartOf":{"@id":"https:\/\/www.domidom.fr\/carriere\/#website"},"datePublished":"2025-05-19T08:45:26+00:00","dateModified":"2025-06-25T12:36:24+00:00","description":"D\u00e9couvrez le m\u00e9tier d'Auxiliaire de vie en agence d'aide \u00e0 domicile ! DOMIDOM recrute et forme, que vous soyez exp\u00e9riment\u00e9 ou en besoin de formation.","breadcrumb":{"@id":"https:\/\/www.domidom.fr\/carriere\/auxiliaire-de-vie\/#breadcrumb"},"inLanguage":"fr-FR","potentialAction":[{"@type":"ReadAction","target":["https:\/\/www.domidom.fr\/carriere\/auxiliaire-de-vie\/"]}]},{"@type":"BreadcrumbList","@id":"https:\/\/www.domidom.fr\/carriere\/auxiliaire-de-vie\/#breadcrumb","itemListElement":[{"@type":"ListItem","position":1,"name":"Accueil","item":"https:\/\/www.domidom.fr\/carriere\/"},{"@type":"ListItem","position":2,"name":"Auxiliaire de vie"}]},{"@type":"WebSite","@id":"https:\/\/www.domidom.fr\/carriere\/#website","url":"https:\/\/www.domidom.fr\/carriere\/","name":"Espace marque employeur","description":"","potentialAction":[{"@type":"SearchAction","target":{"@type":"EntryPoint","urlTemplate":"https:\/\/www.domidom.fr\/carriere\/?s={search_term_string}"},"query-input":{"@type":"PropertyValueSpecification","valueRequired":true,"valueName":"search_term_string"}}],"inLanguage":"fr-FR"}]}},"_links":{"self":[{"href":"https:\/\/www.domidom.fr\/carriere\/wp-json\/wp\/v2\/pages\/2133","targetHints":{"allow":["GET"]}}],"collection":[{"href":"https:\/\/www.domidom.fr\/carriere\/wp-json\/wp\/v2\/pages"}],"about":[{"href":"https:\/\/www.domidom.fr\/carriere\/wp-json\/wp\/v2\/types\/page"}],"author":[{"embeddable":true,"href":"https:\/\/www.domidom.fr\/carriere\/wp-json\/wp\/v2\/users\/109"}],"replies":[{"embeddable":true,"href":"https:\/\/www.domidom.fr\/carriere\/wp-json\/wp\/v2\/comments?post=2133"}],"version-history":[{"count":3,"href":"https:\/\/www.domidom.fr\/carriere\/wp-json\/wp\/v2\/pages\/2133\/revisions"}],"predecessor-version":[{"id":2573,"href":"https:\/\/www.domidom.fr\/carriere\/wp-json\/wp\/v2\/pages\/2133\/revisions\/2573"}],"wp:attachment":[{"href":"https:\/\/www.domidom.fr\/carriere\/wp-json\/wp\/v2\/media?parent=2133"}],"curies":[{"name":"wp","href":"https:\/\/api.w.org\/{rel}","templated":true}]}}