{"id":2137,"date":"2025-05-19T10:45:48","date_gmt":"2025-05-19T08:45:48","guid":{"rendered":"https:\/\/domidom-2025.staging-env.fr\/carriere\/?page_id=2137"},"modified":"2025-06-17T17:38:43","modified_gmt":"2025-06-17T15:38:43","slug":"coordinateur","status":"publish","type":"page","link":"https:\/\/www.domidom.fr\/carriere\/coordinateur\/","title":{"rendered":"Coordinateur"},"content":{"rendered":"  <!-- Cover edito -->\n  <section class=\"cover-edito\" data-id=\"6a088f2acf24c\">\n    <img decoding=\"async\" class=\"cover-edito__image\" src=\"https:\/\/www.domidom.fr\/carriere\/wp-content\/uploads\/sites\/2\/2025\/05\/I2B9412-scaled-e1750346135173.jpg\" alt=\"domidom organisation\" fetchpriority=\"high\">\n    <div class=\"cover-edito__bg\"><\/div>\n    <div class=\"cover-edito__content\">\n      <h1 class=\"cover-edito__content--title\">Coordinateur<\/h1>\n      <p class=\"cover-edito__content--subtitle\">Fiche m\u00e9tier<\/p>\n    <\/div>\n    <div class=\"cover-edito__border\"><\/div>\n  <\/section>\n\n\n\n\n  <section class=\"text-rich\">\n    <div class=\"u-container\">\n      <div class=\"u-grid\">\n        <div class=\"col-start-1 col-span-12\">\n          <div class=\"text-rich__text\">\n            <div class=\"titles w\"><h2 class=\"title\">Le poste<\/h2><\/div>\n<p>\u00catre Coordinateur \/ Coordinatrice chez DOMIDOM, c\u2019est \u00eatre un vecteur d\u2019information essentiel entre les diff\u00e9rents interlocuteurs du quotidien ! Nous recrutons des v\u00e9ritables professionnelles, ayant des comp\u00e9tences techniques mais \u00e9galement un savoir-\u00eatre pouvant r\u00e9pondre aux attentes de nos clients.<\/p>\n<p>Votre r\u00f4le en tant que coordinateur\/trice, sera d\u2019\u00eatre l\u2019interlocuteur\/trice des clients, salari\u00e9s, partenaires et prescripteurs en recherche d\u2019informations. Votre fonction principale consistera \u00e0 apporter des r\u00e9ponses aux questions et\/ou mettre en place des prestations \u00e0 domicile.<\/p>\n<p>Plus pr\u00e9cis\u00e9ment, vos fonctions au quotidien consisteront \u00e0 :<\/p>\n<ul>\n<li>Assurer la prise d\u2019appels (clients et salari\u00e9s)<\/li>\n<li>Assurer la gestion des urgences (remplacements, continuit\u00e9 de services\u2026)<\/li>\n<li>Mettre en place des prestations<\/li>\n<li>Accompagner les professionnels sur les demandes sp\u00e9cifiques li\u00e9es aux prises en charge<\/li>\n<li>Assurer la lev\u00e9e de doute aupr\u00e8s des professionnels.<\/li>\n<\/ul>\n<p>Vous interviendrez directement au sein d\u2019une agence DOMIDOM. Autonome et responsable, vous organiserez votre travail selon les urgences et les imp\u00e9ratifs de l\u2019agence. Vous avez des r\u00e9elles comp\u00e9tences manag\u00e9riales vous permettant d\u2019instaurer un bon climat social au sein de l\u2019agence. Votre capacit\u00e9 d\u2019\u00e9coute et d\u2019adaptation feront vous de vous un v\u00e9ritable manager appr\u00e9ci\u00e9 de votre \u00e9quipe.<\/p>\n<h3 class=\"t-2b w\">Pr\u00e9requis<\/h3>\n<ul>\n<li>Connaissance du public fragilis\u00e9 (handicap, senior) serait un plus<\/li>\n<li>BAC+2<\/li>\n<li>Exp\u00e9rience sur un poste similaire<\/li>\n<\/ul>\n          <\/div>\n                  <\/div>\n      <\/div>\n    <\/div>\n  <\/section>\n\n\n\n  <!-- Banner -->\n  <section class=\"banner\" data-id=\"6a088f2acffc2\">\n    <div class=\"u-container\">\n      <div class=\"u-grid\">\n        <div class=\"col-start-1 col-span-12 lg:col-start-1 lg:col-span-11\">\n            <div class=\"c-banner image\">\n    <div class=\"c-banner__bg\"><svg width=\"31\" height=\"28\" viewBox=\"0 0 31 28\" fill=\"none\" xmlns=\"http:\/\/www.w3.org\/2000\/svg\">\n<g id=\"Group 1000001674\">\n<path id=\"Vector\" d=\"M14.9495 27.1208C14.2727 27.1208 13.6206 26.9751 13.0123 26.688L0 20.7048V17.8072C0 16.4736 0.678333 15.3002 1.72719 14.8193L5.71111 12.9813C6.71037 12.5222 7.80883 12.5222 8.80664 12.9813L20.2507 18.2445L22.6563 17.1367C23.9604 16.5348 25.4221 16.475 26.77 16.972C28.1179 17.4691 29.1916 18.4602 29.7941 19.7647L30.1675 20.5736L16.881 26.6952C16.28 26.9795 15.6279 27.1238 14.951 27.1238L14.9495 27.1208ZM1.78117 19.5635L13.765 25.0745C14.5177 25.4301 15.3886 25.4257 16.1268 25.0788L27.7036 19.7457C27.301 19.2487 26.7715 18.8668 26.1559 18.6409C25.2543 18.3086 24.2784 18.3479 23.4061 18.7517L16.8722 21.7615C15.7183 22.3066 14.3325 22.3328 13.145 21.8212L7.46602 19.272C7.01672 19.0709 6.81686 18.5433 7.01818 18.0958C7.21949 17.6469 7.74756 17.4472 8.19541 17.6483L13.8628 20.1917C14.5571 20.4905 15.4105 20.4818 16.1195 20.148L18.1253 19.2239L8.06558 14.5977C7.54042 14.3558 6.98462 14.3558 6.46092 14.5977L2.477 16.4357C2.07001 16.6222 1.78554 17.1863 1.78554 17.8072V19.565L1.78117 19.5635Z\" fill=\"#006744\"\/>\n<path id=\"Vector_2\" d=\"M5.25743 10.4855C4.63016 10.4855 4.00288 10.3747 3.39603 10.1517C2.04812 9.6547 0.974463 8.66358 0.371989 7.35909L0 6.55016L13.2865 0.429972C13.8876 0.145753 14.5396 0 15.2165 0H15.2355C15.9123 0 16.5644 0.145753 17.1727 0.432888L30.452 6.55161L30.08 7.36055C29.479 8.66504 28.4038 9.65762 27.0559 10.1532C25.708 10.6487 24.2463 10.5904 22.9407 9.98848L16.4083 6.98013C15.6556 6.62595 14.7847 6.62886 14.048 6.97721L7.50832 9.98994C6.79061 10.3223 6.02475 10.4884 5.25597 10.4884L5.25743 10.4855ZM2.46387 7.37658C2.8665 7.8736 3.39603 8.25547 4.01164 8.48139C4.91316 8.81225 5.88908 8.77435 6.76289 8.37062L13.2968 5.36081C13.8978 5.07659 14.5498 4.93229 15.2267 4.93229C15.9036 4.93229 16.5557 5.07805 17.164 5.36518L23.6891 8.37062C24.5629 8.77435 25.5403 8.81371 26.4403 8.48139C27.0559 8.25401 27.5869 7.8736 27.9881 7.37658L16.4185 2.04638C16.0422 1.86856 15.6468 1.78111 15.234 1.78111H15.215C14.8037 1.78111 14.4069 1.87002 14.0378 2.04346L2.46096 7.37658H2.46387Z\" fill=\"#006744\"\/>\n<\/g>\n<\/svg>\n<\/div>\n          <div class=\"c-banner__image\">\n        <img decoding=\"async\" src=\"https:\/\/www.domidom.fr\/carriere\/wp-content\/uploads\/sites\/2\/2025\/05\/I2B9356-scaled-e1750345727432.jpg\" alt=\"domidom-discussion-planning-organisation\" loading=\"lazy\">\n      <\/div>\n      <div class=\"c-banner__wrapper\">\n                    <div class=\"c-banner__suptitle\">Envie de faire partie d\u2019une aventure riche et humaine\u00a0?<\/div>\n            <div class=\"c-banner__content\">\n          <div class=\"titles u-border\">\n    <div class=\"title \">\n      Rejoignez nous\u00a0!    <\/div>\n      <\/div>\n        <div class=\"c-banner__links\">\n                                                          <div class=\"link\">\n                \n  <div class=\"button anim-green outline outline-2 outline-green text-green\">\n    <a class=\"button__link\" href=\"https:\/\/www.domidom.fr\/carriere\/candidature-spontanee\/\" target=\"_blank\">\n      Candidater    <\/a>\n  <\/div>\n              <\/div>\n                              <\/div>\n      <\/div>\n              <div>\n                <\/div>\n              <\/div>\n      <\/div>\n    <\/div>\n  <\/section>\n","protected":false},"excerpt":{"rendered":"","protected":false},"author":109,"featured_media":0,"parent":0,"menu_order":0,"comment_status":"closed","ping_status":"closed","template":"tpl-edito.php","meta":{"_acf_changed":false,"footnotes":""},"class_list":["post-2137","page","type-page","status-publish","hentry"],"acf":[],"yoast_head":"<!-- This site is optimized with the Yoast SEO plugin v25.9 - https:\/\/yoast.com\/wordpress\/plugins\/seo\/ -->\n<title>Coordinateur aide \u00e0 domicile : DOMIDOM recrute<\/title>\n<meta name=\"description\" content=\"D\u00e9couvrez le m\u00e9tier de Coordinateur(rice) en agence d&#039;aide \u00e0 domicile ! DOMIDOM recrute et forme, que vous soyez exp\u00e9riment\u00e9 ou en besoin de formation.\" \/>\n<meta name=\"robots\" content=\"index, follow, max-snippet:-1, max-image-preview:large, max-video-preview:-1\" \/>\n<link rel=\"canonical\" href=\"https:\/\/www.domidom.fr\/carriere\/coordinateur\/\" \/>\n<meta property=\"og:locale\" content=\"fr_FR\" \/>\n<meta property=\"og:type\" content=\"article\" \/>\n<meta property=\"og:title\" content=\"Coordinateur aide \u00e0 domicile : DOMIDOM recrute\" \/>\n<meta property=\"og:description\" content=\"D\u00e9couvrez le m\u00e9tier de Coordinateur(rice) en agence d&#039;aide \u00e0 domicile ! DOMIDOM recrute et forme, que vous soyez exp\u00e9riment\u00e9 ou en besoin de formation.\" \/>\n<meta property=\"og:url\" content=\"https:\/\/www.domidom.fr\/carriere\/coordinateur\/\" \/>\n<meta property=\"og:site_name\" content=\"Espace marque employeur\" \/>\n<meta property=\"article:modified_time\" content=\"2025-06-17T15:38:43+00:00\" \/>\n<meta name=\"twitter:card\" content=\"summary_large_image\" \/>\n<script type=\"application\/ld+json\" class=\"yoast-schema-graph\">{\"@context\":\"https:\/\/schema.org\",\"@graph\":[{\"@type\":\"WebPage\",\"@id\":\"https:\/\/www.domidom.fr\/carriere\/coordinateur\/\",\"url\":\"https:\/\/www.domidom.fr\/carriere\/coordinateur\/\",\"name\":\"Coordinateur aide \u00e0 domicile : DOMIDOM recrute\",\"isPartOf\":{\"@id\":\"https:\/\/www.domidom.fr\/carriere\/#website\"},\"datePublished\":\"2025-05-19T08:45:48+00:00\",\"dateModified\":\"2025-06-17T15:38:43+00:00\",\"description\":\"D\u00e9couvrez le m\u00e9tier de Coordinateur(rice) en agence d'aide \u00e0 domicile ! DOMIDOM recrute et forme, que vous soyez exp\u00e9riment\u00e9 ou en besoin de formation.\",\"breadcrumb\":{\"@id\":\"https:\/\/www.domidom.fr\/carriere\/coordinateur\/#breadcrumb\"},\"inLanguage\":\"fr-FR\",\"potentialAction\":[{\"@type\":\"ReadAction\",\"target\":[\"https:\/\/www.domidom.fr\/carriere\/coordinateur\/\"]}]},{\"@type\":\"BreadcrumbList\",\"@id\":\"https:\/\/www.domidom.fr\/carriere\/coordinateur\/#breadcrumb\",\"itemListElement\":[{\"@type\":\"ListItem\",\"position\":1,\"name\":\"Accueil\",\"item\":\"https:\/\/www.domidom.fr\/carriere\/\"},{\"@type\":\"ListItem\",\"position\":2,\"name\":\"Coordinateur\"}]},{\"@type\":\"WebSite\",\"@id\":\"https:\/\/www.domidom.fr\/carriere\/#website\",\"url\":\"https:\/\/www.domidom.fr\/carriere\/\",\"name\":\"Espace marque employeur\",\"description\":\"\",\"potentialAction\":[{\"@type\":\"SearchAction\",\"target\":{\"@type\":\"EntryPoint\",\"urlTemplate\":\"https:\/\/www.domidom.fr\/carriere\/?s={search_term_string}\"},\"query-input\":{\"@type\":\"PropertyValueSpecification\",\"valueRequired\":true,\"valueName\":\"search_term_string\"}}],\"inLanguage\":\"fr-FR\"}]}<\/script>\n<!-- \/ Yoast SEO plugin. -->","yoast_head_json":{"title":"Coordinateur aide \u00e0 domicile : DOMIDOM recrute","description":"D\u00e9couvrez le m\u00e9tier de Coordinateur(rice) en agence d'aide \u00e0 domicile ! DOMIDOM recrute et forme, que vous soyez exp\u00e9riment\u00e9 ou en besoin de formation.","robots":{"index":"index","follow":"follow","max-snippet":"max-snippet:-1","max-image-preview":"max-image-preview:large","max-video-preview":"max-video-preview:-1"},"canonical":"https:\/\/www.domidom.fr\/carriere\/coordinateur\/","og_locale":"fr_FR","og_type":"article","og_title":"Coordinateur aide \u00e0 domicile : DOMIDOM recrute","og_description":"D\u00e9couvrez le m\u00e9tier de Coordinateur(rice) en agence d'aide \u00e0 domicile ! DOMIDOM recrute et forme, que vous soyez exp\u00e9riment\u00e9 ou en besoin de formation.","og_url":"https:\/\/www.domidom.fr\/carriere\/coordinateur\/","og_site_name":"Espace marque employeur","article_modified_time":"2025-06-17T15:38:43+00:00","twitter_card":"summary_large_image","schema":{"@context":"https:\/\/schema.org","@graph":[{"@type":"WebPage","@id":"https:\/\/www.domidom.fr\/carriere\/coordinateur\/","url":"https:\/\/www.domidom.fr\/carriere\/coordinateur\/","name":"Coordinateur aide \u00e0 domicile : DOMIDOM recrute","isPartOf":{"@id":"https:\/\/www.domidom.fr\/carriere\/#website"},"datePublished":"2025-05-19T08:45:48+00:00","dateModified":"2025-06-17T15:38:43+00:00","description":"D\u00e9couvrez le m\u00e9tier de Coordinateur(rice) en agence d'aide \u00e0 domicile ! DOMIDOM recrute et forme, que vous soyez exp\u00e9riment\u00e9 ou en besoin de formation.","breadcrumb":{"@id":"https:\/\/www.domidom.fr\/carriere\/coordinateur\/#breadcrumb"},"inLanguage":"fr-FR","potentialAction":[{"@type":"ReadAction","target":["https:\/\/www.domidom.fr\/carriere\/coordinateur\/"]}]},{"@type":"BreadcrumbList","@id":"https:\/\/www.domidom.fr\/carriere\/coordinateur\/#breadcrumb","itemListElement":[{"@type":"ListItem","position":1,"name":"Accueil","item":"https:\/\/www.domidom.fr\/carriere\/"},{"@type":"ListItem","position":2,"name":"Coordinateur"}]},{"@type":"WebSite","@id":"https:\/\/www.domidom.fr\/carriere\/#website","url":"https:\/\/www.domidom.fr\/carriere\/","name":"Espace marque employeur","description":"","potentialAction":[{"@type":"SearchAction","target":{"@type":"EntryPoint","urlTemplate":"https:\/\/www.domidom.fr\/carriere\/?s={search_term_string}"},"query-input":{"@type":"PropertyValueSpecification","valueRequired":true,"valueName":"search_term_string"}}],"inLanguage":"fr-FR"}]}},"_links":{"self":[{"href":"https:\/\/www.domidom.fr\/carriere\/wp-json\/wp\/v2\/pages\/2137","targetHints":{"allow":["GET"]}}],"collection":[{"href":"https:\/\/www.domidom.fr\/carriere\/wp-json\/wp\/v2\/pages"}],"about":[{"href":"https:\/\/www.domidom.fr\/carriere\/wp-json\/wp\/v2\/types\/page"}],"author":[{"embeddable":true,"href":"https:\/\/www.domidom.fr\/carriere\/wp-json\/wp\/v2\/users\/109"}],"replies":[{"embeddable":true,"href":"https:\/\/www.domidom.fr\/carriere\/wp-json\/wp\/v2\/comments?post=2137"}],"version-history":[{"count":3,"href":"https:\/\/www.domidom.fr\/carriere\/wp-json\/wp\/v2\/pages\/2137\/revisions"}],"predecessor-version":[{"id":2559,"href":"https:\/\/www.domidom.fr\/carriere\/wp-json\/wp\/v2\/pages\/2137\/revisions\/2559"}],"wp:attachment":[{"href":"https:\/\/www.domidom.fr\/carriere\/wp-json\/wp\/v2\/media?parent=2137"}],"curies":[{"name":"wp","href":"https:\/\/api.w.org\/{rel}","templated":true}]}}