{"id":2138,"date":"2025-05-19T10:45:58","date_gmt":"2025-05-19T08:45:58","guid":{"rendered":"https:\/\/domidom-2025.staging-env.fr\/carriere\/?page_id=2138"},"modified":"2025-06-17T17:37:16","modified_gmt":"2025-06-17T15:37:16","slug":"responsable-dagence","status":"publish","type":"page","link":"https:\/\/www.domidom.fr\/carriere\/responsable-dagence\/","title":{"rendered":"Responsable d&rsquo;agence"},"content":{"rendered":"  <!-- Cover edito -->\n  <section class=\"cover-edito\" data-id=\"6a0539a0e7a60\">\n    <img decoding=\"async\" class=\"cover-edito__image\" src=\"https:\/\/www.domidom.fr\/carriere\/wp-content\/uploads\/sites\/2\/2025\/05\/GettyImages-1424413967-scaled-e1750346090595.jpg\" alt=\"domidom-senior-bilan\" fetchpriority=\"high\">\n    <div class=\"cover-edito__bg\"><\/div>\n    <div class=\"cover-edito__content\">\n      <h1 class=\"cover-edito__content--title\">Responsable d&rsquo;agence<\/h1>\n      <p class=\"cover-edito__content--subtitle\">Fiche M\u00e9tier<\/p>\n    <\/div>\n    <div class=\"cover-edito__border\"><\/div>\n  <\/section>\n\n\n\n\n  <section class=\"text-rich\">\n    <div class=\"u-container\">\n      <div class=\"u-grid\">\n        <div class=\"col-start-1 col-span-12\">\n          <div class=\"text-rich__text\">\n            <div class=\"titles w\"><h2 class=\"title\">Le poste<\/h2><\/div>\n<p>\u00catre responsable d\u2019une agence DOMIDOM, c\u2019est \u00eatre un v\u00e9ritable <span style=\"color: #006744;\"><strong>gestionnaire d\u2019un centre de profit<\/strong><\/span> d\u00e9di\u00e9 \u00e0 la mise en place de prestations de services \u00e0 domicile aupr\u00e8s de particuliers.<\/p>\n<p>En tant que Responsable d\u2019agence, vous serez <span style=\"color: #006744;\"><strong>en charge du d\u00e9ploiement de la politique g\u00e9n\u00e9rale de l\u2019entreprise et des orientations d\u00e9finies au niveau de la direction<\/strong> <\/span>mais \u00e9galement de mettre en place <span style=\"color: #006744;\"><strong>un dynamisme commercial et manag\u00e9rial de proximit\u00e9.<\/strong><\/span> Vous serez garant(e) du bon climat social et de la satisfaction clients.<\/p>\n<p>&nbsp;<\/p>\n<p><span style=\"color: #b3a177;\"><strong>Plus pr\u00e9cis\u00e9ment, vos missions consisteront \u00e0 :<\/strong><\/span><\/p>\n<ul>\n<li>Conduire l\u2019agence dans l\u2019atteinte de ses objectifs<\/li>\n<li>Piloter l\u2019action commerciale territoriale et gestion du portefeuille clients de l\u2019agence<\/li>\n<li>Suivre et management du personnel<\/li>\n<li>Evaluer les besoins et diagnostic au domicile des particuliers<\/li>\n<li>Mettre en \u0153uvre des actions RH aupr\u00e8s de l\u2019\u00e9quipe<\/li>\n<li>Mettre en \u0153uvre et suivi des plans d\u2019actions<\/li>\n<li>Elaborer et suivre le budget en collaboration avec la direction r\u00e9gionale<\/li>\n<li>Suivre les statistiques de gestion et reportings \u00e0 la direction<\/li>\n<\/ul>\n<p>&nbsp;<\/p>\n<p>D\u00f4t\u00e9(e)<span style=\"color: #006744;\"><strong> d\u2019un excellent relationnel<\/strong><\/span>, vous appr\u00e9ciez la relation client et le d\u00e9veloppement commercial. Vous b\u00e9n\u00e9ficiez de<span style=\"color: #006744;\"><strong> capacit\u00e9s manag\u00e9riales<\/strong> <\/span>ind\u00e9niables, vous \u00eates r\u00e9solument orient\u00e9(e) vers le sens du service. Vous maitrisez les diff\u00e9rents aspects RH et votre <span style=\"color: #006744;\"><strong>ma\u00eetrise du secteur m\u00e9dicosocial<\/strong> <\/span>font de vous un interlocuteur(trice) reconnu(e) et appr\u00e9ci\u00e9(e) \u00e0 la fois des clients mais \u00e9galement partenaires et prescripteurs.<\/p>\n<p>En interne, vous \u00eates forces de proposition et vous savez travailler en \u00e9quipe. Vous avez une fibre entrepreneuriale que vous souhaitez mettre au service d\u2019une entreprise dynamique.<\/p>\n<h3 class=\"t-2b w\"><strong>Pr\u00e9requis<\/strong><\/h3>\n<ul>\n<li>Connaissance du public fragilis\u00e9 (handicap, senior) serait un plus<\/li>\n<li>BAC+2<\/li>\n<li>Exp\u00e9rience sur un poste similaire<\/li>\n<\/ul>\n          <\/div>\n                  <\/div>\n      <\/div>\n    <\/div>\n  <\/section>\n\n\n\n  <!-- Banner -->\n  <section class=\"banner\" data-id=\"6a0539a0e86e1\">\n    <div class=\"u-container\">\n      <div class=\"u-grid\">\n        <div class=\"col-start-1 col-span-12 lg:col-start-1 lg:col-span-11\">\n            <div class=\"c-banner image\">\n    <div class=\"c-banner__bg\"><svg width=\"31\" height=\"28\" viewBox=\"0 0 31 28\" fill=\"none\" xmlns=\"http:\/\/www.w3.org\/2000\/svg\">\n<g id=\"Group 1000001674\">\n<path id=\"Vector\" d=\"M14.9495 27.1208C14.2727 27.1208 13.6206 26.9751 13.0123 26.688L0 20.7048V17.8072C0 16.4736 0.678333 15.3002 1.72719 14.8193L5.71111 12.9813C6.71037 12.5222 7.80883 12.5222 8.80664 12.9813L20.2507 18.2445L22.6563 17.1367C23.9604 16.5348 25.4221 16.475 26.77 16.972C28.1179 17.4691 29.1916 18.4602 29.7941 19.7647L30.1675 20.5736L16.881 26.6952C16.28 26.9795 15.6279 27.1238 14.951 27.1238L14.9495 27.1208ZM1.78117 19.5635L13.765 25.0745C14.5177 25.4301 15.3886 25.4257 16.1268 25.0788L27.7036 19.7457C27.301 19.2487 26.7715 18.8668 26.1559 18.6409C25.2543 18.3086 24.2784 18.3479 23.4061 18.7517L16.8722 21.7615C15.7183 22.3066 14.3325 22.3328 13.145 21.8212L7.46602 19.272C7.01672 19.0709 6.81686 18.5433 7.01818 18.0958C7.21949 17.6469 7.74756 17.4472 8.19541 17.6483L13.8628 20.1917C14.5571 20.4905 15.4105 20.4818 16.1195 20.148L18.1253 19.2239L8.06558 14.5977C7.54042 14.3558 6.98462 14.3558 6.46092 14.5977L2.477 16.4357C2.07001 16.6222 1.78554 17.1863 1.78554 17.8072V19.565L1.78117 19.5635Z\" fill=\"#006744\"\/>\n<path id=\"Vector_2\" d=\"M5.25743 10.4855C4.63016 10.4855 4.00288 10.3747 3.39603 10.1517C2.04812 9.6547 0.974463 8.66358 0.371989 7.35909L0 6.55016L13.2865 0.429972C13.8876 0.145753 14.5396 0 15.2165 0H15.2355C15.9123 0 16.5644 0.145753 17.1727 0.432888L30.452 6.55161L30.08 7.36055C29.479 8.66504 28.4038 9.65762 27.0559 10.1532C25.708 10.6487 24.2463 10.5904 22.9407 9.98848L16.4083 6.98013C15.6556 6.62595 14.7847 6.62886 14.048 6.97721L7.50832 9.98994C6.79061 10.3223 6.02475 10.4884 5.25597 10.4884L5.25743 10.4855ZM2.46387 7.37658C2.8665 7.8736 3.39603 8.25547 4.01164 8.48139C4.91316 8.81225 5.88908 8.77435 6.76289 8.37062L13.2968 5.36081C13.8978 5.07659 14.5498 4.93229 15.2267 4.93229C15.9036 4.93229 16.5557 5.07805 17.164 5.36518L23.6891 8.37062C24.5629 8.77435 25.5403 8.81371 26.4403 8.48139C27.0559 8.25401 27.5869 7.8736 27.9881 7.37658L16.4185 2.04638C16.0422 1.86856 15.6468 1.78111 15.234 1.78111H15.215C14.8037 1.78111 14.4069 1.87002 14.0378 2.04346L2.46096 7.37658H2.46387Z\" fill=\"#006744\"\/>\n<\/g>\n<\/svg>\n<\/div>\n          <div class=\"c-banner__image\">\n        <img decoding=\"async\" src=\"https:\/\/www.domidom.fr\/carriere\/wp-content\/uploads\/sites\/2\/2025\/05\/GettyImages-1424413967-scaled-e1750346090595.jpg\" alt=\"domidom-senior-bilan\" loading=\"lazy\">\n      <\/div>\n      <div class=\"c-banner__wrapper\">\n                    <div class=\"c-banner__suptitle\">Envie de faire partie d\u2019une aventure riche et humaine\u00a0?<\/div>\n            <div class=\"c-banner__content\">\n          <div class=\"titles u-border\">\n    <div class=\"title \">\n      Rejoignez nous\u00a0!    <\/div>\n      <\/div>\n        <div class=\"c-banner__links\">\n                                    <div class=\"link\">\n                \n  <div class=\"button anim-green outline outline-2 outline-green text-green\">\n    <a class=\"button__link\" href=\"https:\/\/www.domidom.fr\/carriere\/candidature-spontanee\/\" target=\"_blank\">\n      Candidater    <\/a>\n  <\/div>\n              <\/div>\n                                                    <\/div>\n      <\/div>\n              <div>\n                <\/div>\n              <\/div>\n      <\/div>\n    <\/div>\n  <\/section>\n","protected":false},"excerpt":{"rendered":"","protected":false},"author":109,"featured_media":0,"parent":0,"menu_order":0,"comment_status":"closed","ping_status":"closed","template":"tpl-edito.php","meta":{"_acf_changed":false,"footnotes":""},"class_list":["post-2138","page","type-page","status-publish","hentry"],"acf":[],"yoast_head":"<!-- This site is optimized with the Yoast SEO plugin v25.9 - https:\/\/yoast.com\/wordpress\/plugins\/seo\/ -->\n<title>Responsable d&#039;agence d&#039;aide \u00e0 domicile : DOMIDOM recrute<\/title>\n<meta name=\"description\" content=\"D\u00e9couvrez le m\u00e9tier de Responsable d&#039;agence d&#039;aide \u00e0 domicile ! DOMIDOM recrute et forme, que vous soyez exp\u00e9riment\u00e9 ou en besoin de formation.\" \/>\n<meta name=\"robots\" content=\"index, follow, max-snippet:-1, max-image-preview:large, max-video-preview:-1\" \/>\n<link rel=\"canonical\" href=\"https:\/\/www.domidom.fr\/carriere\/responsable-dagence\/\" \/>\n<meta property=\"og:locale\" content=\"fr_FR\" \/>\n<meta property=\"og:type\" content=\"article\" \/>\n<meta property=\"og:title\" content=\"Responsable d&#039;agence d&#039;aide \u00e0 domicile : DOMIDOM recrute\" \/>\n<meta property=\"og:description\" content=\"D\u00e9couvrez le m\u00e9tier de Responsable d&#039;agence d&#039;aide \u00e0 domicile ! DOMIDOM recrute et forme, que vous soyez exp\u00e9riment\u00e9 ou en besoin de formation.\" \/>\n<meta property=\"og:url\" content=\"https:\/\/www.domidom.fr\/carriere\/responsable-dagence\/\" \/>\n<meta property=\"og:site_name\" content=\"Espace marque employeur\" \/>\n<meta property=\"article:modified_time\" content=\"2025-06-17T15:37:16+00:00\" \/>\n<meta name=\"twitter:card\" content=\"summary_large_image\" \/>\n<script type=\"application\/ld+json\" class=\"yoast-schema-graph\">{\"@context\":\"https:\/\/schema.org\",\"@graph\":[{\"@type\":\"WebPage\",\"@id\":\"https:\/\/www.domidom.fr\/carriere\/responsable-dagence\/\",\"url\":\"https:\/\/www.domidom.fr\/carriere\/responsable-dagence\/\",\"name\":\"Responsable d'agence d'aide \u00e0 domicile : DOMIDOM recrute\",\"isPartOf\":{\"@id\":\"https:\/\/www.domidom.fr\/carriere\/#website\"},\"datePublished\":\"2025-05-19T08:45:58+00:00\",\"dateModified\":\"2025-06-17T15:37:16+00:00\",\"description\":\"D\u00e9couvrez le m\u00e9tier de Responsable d'agence d'aide \u00e0 domicile ! DOMIDOM recrute et forme, que vous soyez exp\u00e9riment\u00e9 ou en besoin de formation.\",\"breadcrumb\":{\"@id\":\"https:\/\/www.domidom.fr\/carriere\/responsable-dagence\/#breadcrumb\"},\"inLanguage\":\"fr-FR\",\"potentialAction\":[{\"@type\":\"ReadAction\",\"target\":[\"https:\/\/www.domidom.fr\/carriere\/responsable-dagence\/\"]}]},{\"@type\":\"BreadcrumbList\",\"@id\":\"https:\/\/www.domidom.fr\/carriere\/responsable-dagence\/#breadcrumb\",\"itemListElement\":[{\"@type\":\"ListItem\",\"position\":1,\"name\":\"Accueil\",\"item\":\"https:\/\/www.domidom.fr\/carriere\/\"},{\"@type\":\"ListItem\",\"position\":2,\"name\":\"Responsable d&rsquo;agence\"}]},{\"@type\":\"WebSite\",\"@id\":\"https:\/\/www.domidom.fr\/carriere\/#website\",\"url\":\"https:\/\/www.domidom.fr\/carriere\/\",\"name\":\"Espace marque employeur\",\"description\":\"\",\"potentialAction\":[{\"@type\":\"SearchAction\",\"target\":{\"@type\":\"EntryPoint\",\"urlTemplate\":\"https:\/\/www.domidom.fr\/carriere\/?s={search_term_string}\"},\"query-input\":{\"@type\":\"PropertyValueSpecification\",\"valueRequired\":true,\"valueName\":\"search_term_string\"}}],\"inLanguage\":\"fr-FR\"}]}<\/script>\n<!-- \/ Yoast SEO plugin. -->","yoast_head_json":{"title":"Responsable d'agence d'aide \u00e0 domicile : DOMIDOM recrute","description":"D\u00e9couvrez le m\u00e9tier de Responsable d'agence d'aide \u00e0 domicile ! DOMIDOM recrute et forme, que vous soyez exp\u00e9riment\u00e9 ou en besoin de formation.","robots":{"index":"index","follow":"follow","max-snippet":"max-snippet:-1","max-image-preview":"max-image-preview:large","max-video-preview":"max-video-preview:-1"},"canonical":"https:\/\/www.domidom.fr\/carriere\/responsable-dagence\/","og_locale":"fr_FR","og_type":"article","og_title":"Responsable d'agence d'aide \u00e0 domicile : DOMIDOM recrute","og_description":"D\u00e9couvrez le m\u00e9tier de Responsable d'agence d'aide \u00e0 domicile ! DOMIDOM recrute et forme, que vous soyez exp\u00e9riment\u00e9 ou en besoin de formation.","og_url":"https:\/\/www.domidom.fr\/carriere\/responsable-dagence\/","og_site_name":"Espace marque employeur","article_modified_time":"2025-06-17T15:37:16+00:00","twitter_card":"summary_large_image","schema":{"@context":"https:\/\/schema.org","@graph":[{"@type":"WebPage","@id":"https:\/\/www.domidom.fr\/carriere\/responsable-dagence\/","url":"https:\/\/www.domidom.fr\/carriere\/responsable-dagence\/","name":"Responsable d'agence d'aide \u00e0 domicile : DOMIDOM recrute","isPartOf":{"@id":"https:\/\/www.domidom.fr\/carriere\/#website"},"datePublished":"2025-05-19T08:45:58+00:00","dateModified":"2025-06-17T15:37:16+00:00","description":"D\u00e9couvrez le m\u00e9tier de Responsable d'agence d'aide \u00e0 domicile ! DOMIDOM recrute et forme, que vous soyez exp\u00e9riment\u00e9 ou en besoin de formation.","breadcrumb":{"@id":"https:\/\/www.domidom.fr\/carriere\/responsable-dagence\/#breadcrumb"},"inLanguage":"fr-FR","potentialAction":[{"@type":"ReadAction","target":["https:\/\/www.domidom.fr\/carriere\/responsable-dagence\/"]}]},{"@type":"BreadcrumbList","@id":"https:\/\/www.domidom.fr\/carriere\/responsable-dagence\/#breadcrumb","itemListElement":[{"@type":"ListItem","position":1,"name":"Accueil","item":"https:\/\/www.domidom.fr\/carriere\/"},{"@type":"ListItem","position":2,"name":"Responsable d&rsquo;agence"}]},{"@type":"WebSite","@id":"https:\/\/www.domidom.fr\/carriere\/#website","url":"https:\/\/www.domidom.fr\/carriere\/","name":"Espace marque employeur","description":"","potentialAction":[{"@type":"SearchAction","target":{"@type":"EntryPoint","urlTemplate":"https:\/\/www.domidom.fr\/carriere\/?s={search_term_string}"},"query-input":{"@type":"PropertyValueSpecification","valueRequired":true,"valueName":"search_term_string"}}],"inLanguage":"fr-FR"}]}},"_links":{"self":[{"href":"https:\/\/www.domidom.fr\/carriere\/wp-json\/wp\/v2\/pages\/2138","targetHints":{"allow":["GET"]}}],"collection":[{"href":"https:\/\/www.domidom.fr\/carriere\/wp-json\/wp\/v2\/pages"}],"about":[{"href":"https:\/\/www.domidom.fr\/carriere\/wp-json\/wp\/v2\/types\/page"}],"author":[{"embeddable":true,"href":"https:\/\/www.domidom.fr\/carriere\/wp-json\/wp\/v2\/users\/109"}],"replies":[{"embeddable":true,"href":"https:\/\/www.domidom.fr\/carriere\/wp-json\/wp\/v2\/comments?post=2138"}],"version-history":[{"count":3,"href":"https:\/\/www.domidom.fr\/carriere\/wp-json\/wp\/v2\/pages\/2138\/revisions"}],"predecessor-version":[{"id":2556,"href":"https:\/\/www.domidom.fr\/carriere\/wp-json\/wp\/v2\/pages\/2138\/revisions\/2556"}],"wp:attachment":[{"href":"https:\/\/www.domidom.fr\/carriere\/wp-json\/wp\/v2\/media?parent=2138"}],"curies":[{"name":"wp","href":"https:\/\/api.w.org\/{rel}","templated":true}]}}